{"id":209,"date":"2025-04-02T12:37:26","date_gmt":"2025-04-02T15:37:26","guid":{"rendered":"https:\/\/ccse.uepa.br\/dfcs\/jeds\/?page_id=209"},"modified":"2025-07-29T20:22:47","modified_gmt":"2025-07-29T23:22:47","slug":"quem-somos","status":"publish","type":"page","link":"https:\/\/ccse.uepa.br\/dfcs\/jeds\/quem-somos\/","title":{"rendered":"Quem somos"},"content":{"rendered":"\n<h2 class=\"wp-block-heading has-text-align-center\" style=\"font-size:28px\">O grupo<\/h2>\n\n\n\n<figure class=\"wp-block-image aligncenter\"><img loading=\"lazy\" decoding=\"async\" width=\"1024\" height=\"683\" src=\"https:\/\/ccse.uepa.br\/dfcs\/jeds\/wp-content\/uploads\/2025\/05\/Imagem-do-WhatsApp-de-2025-05-26-as-09.28.32_7904fc6b-1024x683.jpg\" alt=\"\" class=\"wp-image-365\" srcset=\"https:\/\/ccse.uepa.br\/dfcs\/jeds\/wp-content\/uploads\/2025\/05\/Imagem-do-WhatsApp-de-2025-05-26-as-09.28.32_7904fc6b-1024x683.jpg 1024w, https:\/\/ccse.uepa.br\/dfcs\/jeds\/wp-content\/uploads\/2025\/05\/Imagem-do-WhatsApp-de-2025-05-26-as-09.28.32_7904fc6b-300x200.jpg 300w, https:\/\/ccse.uepa.br\/dfcs\/jeds\/wp-content\/uploads\/2025\/05\/Imagem-do-WhatsApp-de-2025-05-26-as-09.28.32_7904fc6b-768x512.jpg 768w, https:\/\/ccse.uepa.br\/dfcs\/jeds\/wp-content\/uploads\/2025\/05\/Imagem-do-WhatsApp-de-2025-05-26-as-09.28.32_7904fc6b-1536x1024.jpg 1536w, https:\/\/ccse.uepa.br\/dfcs\/jeds\/wp-content\/uploads\/2025\/05\/Imagem-do-WhatsApp-de-2025-05-26-as-09.28.32_7904fc6b-2048x1365.jpg 2048w\" sizes=\"auto, (max-width: 1024px) 100vw, 1024px\" \/><\/figure>\n\n\n\n<p class=\"has-text-align-center has-small-font-size\">Evento de 10 anos do JEDS em 2024<\/p>\n\n\n\n<p>O grupo de pesquisa JEDS &#8211; Juventude, Educa\u00e7\u00e3o, G\u00eanero, Sexualidade e Sociabilidades foi criado em fevereiro de 2014 e focaliza suas pesquisas na juventude e nos modos de ser jovem, assim como seus valores, posicionamentos, projetos de futuro e aos seus processos de escolariza\u00e7\u00e3o e educativos.<\/p>\n\n\n\n<p>Aqui no JEDS, partimos da vis\u00e3o que os jovens s\u00e3o negados, silenciados, desvalorizados e assumimos a postura de p\u00f4r-se a escuta daqueles que tem voz, mas n\u00e3o ouvidos, seja por n\u00e3o se constitu\u00edrem em sujeitos &#8220;prontos&#8221; ou por n\u00e3o serem considerados sujeitos relevantes para a \u00e1rea educacional.<\/p>\n\n\n\n<p><\/p>\n\n\n\n<h2 class=\"wp-block-heading has-text-align-center\" style=\"font-size:28px\">Din\u00e2mica do grupo<\/h2>\n\n\n\n<div class=\"wp-block-media-text has-media-on-the-right is-stacked-on-mobile is-image-fill-element is-style-rounded\" style=\"grid-template-columns:auto 40%\"><div class=\"wp-block-media-text__content\">\n<h2 class=\"wp-block-heading\" style=\"font-size:28px\">Reuni\u00e3o Ampliada<\/h2>\n\n\n\n<p>A cada novo semestre, s\u00e3o apresentadas os objetivos do grupo de pesquisa, suas linhas de pesquisa, as din\u00e2micas e o cronograma de atividades que o JEDS desenvolver\u00e1 ao longo do semestre.<\/p>\n<\/div><figure class=\"wp-block-media-text__media\"><img loading=\"lazy\" decoding=\"async\" width=\"960\" height=\"1280\" src=\"https:\/\/ccse.uepa.br\/dfcs\/jeds\/wp-content\/uploads\/2025\/06\/reuniao_ampliada_2025_1.jpg\" alt=\"\" class=\"wp-image-466 size-full\" style=\"object-position:50% 50%\" srcset=\"https:\/\/ccse.uepa.br\/dfcs\/jeds\/wp-content\/uploads\/2025\/06\/reuniao_ampliada_2025_1.jpg 960w, https:\/\/ccse.uepa.br\/dfcs\/jeds\/wp-content\/uploads\/2025\/06\/reuniao_ampliada_2025_1-225x300.jpg 225w, https:\/\/ccse.uepa.br\/dfcs\/jeds\/wp-content\/uploads\/2025\/06\/reuniao_ampliada_2025_1-768x1024.jpg 768w\" sizes=\"auto, (max-width: 960px) 100vw, 960px\" \/><\/figure><\/div>\n\n\n\n<p class=\"has-ast-global-color-5-color has-text-color has-link-color wp-elements-27a8ce65dce0f688a8524dc98f901621\">O JEDS se prop\u00f5e a trabalhar em conjunto, por isso as reuni\u00f5es sempre s\u00e3o ministradas por membros. Temos tr\u00eas tipos de sess\u00f5es:<\/p>\n\n\n\n<div class=\"wp-block-media-text is-stacked-on-mobile is-image-fill-element\" style=\"grid-template-columns:40% auto\"><figure class=\"wp-block-media-text__media\"><img loading=\"lazy\" decoding=\"async\" width=\"1024\" height=\"768\" src=\"https:\/\/ccse.uepa.br\/dfcs\/jeds\/wp-content\/uploads\/2025\/05\/IMG-20190319-WA0011-1024x768.jpg\" alt=\"\" class=\"wp-image-313 size-full\" style=\"object-position:50% 50%\" srcset=\"https:\/\/ccse.uepa.br\/dfcs\/jeds\/wp-content\/uploads\/2025\/05\/IMG-20190319-WA0011-1024x768.jpg 1024w, https:\/\/ccse.uepa.br\/dfcs\/jeds\/wp-content\/uploads\/2025\/05\/IMG-20190319-WA0011-300x225.jpg 300w, https:\/\/ccse.uepa.br\/dfcs\/jeds\/wp-content\/uploads\/2025\/05\/IMG-20190319-WA0011-768x576.jpg 768w, https:\/\/ccse.uepa.br\/dfcs\/jeds\/wp-content\/uploads\/2025\/05\/IMG-20190319-WA0011.jpg 1280w\" sizes=\"auto, (max-width: 1024px) 100vw, 1024px\" \/><\/figure><div class=\"wp-block-media-text__content\">\n<h2 class=\"wp-block-heading\">Sess\u00f5es de Estudo<\/h2>\n\n\n\n<p>As reuni\u00f5es para debate e discuss\u00e3o de temas atrelados as linhas de pesquisa do grupo s\u00e3o chamadas de Sess\u00f5es de Estudo. S\u00e3o sempre ministradas por membros do grupo.<\/p>\n<\/div><\/div>\n\n\n\n<p class=\"has-ast-global-color-5-color has-text-color has-link-color wp-elements-47d7d98456d46e2b872f28ce5b175f1b\">Sess\u00f5es de estudo<\/p>\n\n\n\n<div class=\"wp-block-media-text has-media-on-the-right is-stacked-on-mobile is-image-fill-element\"><div class=\"wp-block-media-text__content\">\n<h2 class=\"wp-block-heading\">Sess\u00f5es Metodol\u00f3gicas<\/h2>\n\n\n\n<p>Discutindo quest\u00f5es aprofundadas referentes aos caminhos metodol\u00f3gicos metodologia de pesquisas, as Sess\u00f5es Metodol\u00f3gicas s\u00e3o ministradas por membros do grupo.<\/p>\n<\/div><figure class=\"wp-block-media-text__media\"><img loading=\"lazy\" decoding=\"async\" width=\"1024\" height=\"751\" src=\"https:\/\/ccse.uepa.br\/dfcs\/jeds\/wp-content\/uploads\/2025\/06\/jeds_feminismo_2-1024x751.jpg\" alt=\"\" class=\"wp-image-453 size-full\" style=\"object-position:50% 50%\" srcset=\"https:\/\/ccse.uepa.br\/dfcs\/jeds\/wp-content\/uploads\/2025\/06\/jeds_feminismo_2-1024x751.jpg 1024w, https:\/\/ccse.uepa.br\/dfcs\/jeds\/wp-content\/uploads\/2025\/06\/jeds_feminismo_2-300x220.jpg 300w, https:\/\/ccse.uepa.br\/dfcs\/jeds\/wp-content\/uploads\/2025\/06\/jeds_feminismo_2-768x563.jpg 768w, https:\/\/ccse.uepa.br\/dfcs\/jeds\/wp-content\/uploads\/2025\/06\/jeds_feminismo_2.jpg 1280w\" sizes=\"auto, (max-width: 1024px) 100vw, 1024px\" \/><\/figure><\/div>\n\n\n\n<p class=\"has-ast-global-color-5-color has-text-color has-link-color wp-elements-b0c86ad88784c26f936abb3dfb6bdcb8\">Apresenta\u00e7\u00f5es de trabalho<\/p>\n\n\n\n<div class=\"wp-block-media-text is-stacked-on-mobile is-image-fill-element\"><figure class=\"wp-block-media-text__media\"><img loading=\"lazy\" decoding=\"async\" width=\"1024\" height=\"768\" src=\"https:\/\/ccse.uepa.br\/dfcs\/jeds\/wp-content\/uploads\/2025\/06\/IMG-20241212-WA0012-1024x768.jpg\" alt=\"\" class=\"wp-image-479 size-full\" style=\"object-position:50% 50%\" srcset=\"https:\/\/ccse.uepa.br\/dfcs\/jeds\/wp-content\/uploads\/2025\/06\/IMG-20241212-WA0012-1024x768.jpg 1024w, https:\/\/ccse.uepa.br\/dfcs\/jeds\/wp-content\/uploads\/2025\/06\/IMG-20241212-WA0012-300x225.jpg 300w, https:\/\/ccse.uepa.br\/dfcs\/jeds\/wp-content\/uploads\/2025\/06\/IMG-20241212-WA0012-768x576.jpg 768w, https:\/\/ccse.uepa.br\/dfcs\/jeds\/wp-content\/uploads\/2025\/06\/IMG-20241212-WA0012-1536x1152.jpg 1536w, https:\/\/ccse.uepa.br\/dfcs\/jeds\/wp-content\/uploads\/2025\/06\/IMG-20241212-WA0012.jpg 1600w\" sizes=\"auto, (max-width: 1024px) 100vw, 1024px\" \/><\/figure><div class=\"wp-block-media-text__content\">\n<h2 class=\"wp-block-heading\">Apresenta\u00e7\u00f5es de trabalho<\/h2>\n\n\n\n<p>As apresenta\u00e7\u00f5es de trabalho s\u00e3o apresentadas pesquisas dos membros do grupo, sejam elas em andamento ou conclu\u00eddas, contribuindo para o aprimoramento cont\u00ednuo das pesquisas do JEDS.<\/p>\n<\/div><\/div>\n\n\n\n<div class=\"wp-block-media-text has-media-on-the-right is-stacked-on-mobile is-image-fill-element\"><div class=\"wp-block-media-text__content\">\n<h2 class=\"wp-block-heading\">As reuni\u00f5es<\/h2>\n\n\n\n<p>As reuni\u00f5es do grupo acontecem \u00e0s quartas-feiras, quinzenalmente, no hor\u00e1rio de 12h30 \u00e0s 14h de forma presencial no Centro de Ci\u00eancias Sociais e Educa\u00e7\u00e3o (CCSE\/UEPA).<\/p>\n<\/div><figure class=\"wp-block-media-text__media\"><img loading=\"lazy\" decoding=\"async\" width=\"1024\" height=\"731\" src=\"https:\/\/ccse.uepa.br\/dfcs\/jeds\/wp-content\/uploads\/2025\/06\/IMG-20240327-WA0015-1024x731.jpg\" alt=\"\" class=\"wp-image-474 size-full\" style=\"object-position:51% 29%\" srcset=\"https:\/\/ccse.uepa.br\/dfcs\/jeds\/wp-content\/uploads\/2025\/06\/IMG-20240327-WA0015-1024x731.jpg 1024w, https:\/\/ccse.uepa.br\/dfcs\/jeds\/wp-content\/uploads\/2025\/06\/IMG-20240327-WA0015-300x214.jpg 300w, https:\/\/ccse.uepa.br\/dfcs\/jeds\/wp-content\/uploads\/2025\/06\/IMG-20240327-WA0015-768x548.jpg 768w, https:\/\/ccse.uepa.br\/dfcs\/jeds\/wp-content\/uploads\/2025\/06\/IMG-20240327-WA0015.jpg 1280w\" sizes=\"auto, (max-width: 1024px) 100vw, 1024px\" \/><\/figure><\/div>\n\n\n\n<p class=\"has-ast-global-color-5-color has-text-color has-link-color wp-elements-3f467f11389a0fd6da3f56b926c2528f\">As reuni\u00f5es acontecem <strong><mark style=\"background-color:rgba(0, 0, 0, 0)\" class=\"has-inline-color has-ast-global-color-5-color\">quinzenalmente<\/mark><\/strong> todas as <mark style=\"background-color:rgba(0, 0, 0, 0)\" class=\"has-inline-color has-ast-global-color-5-color\">quartas-feiras<\/mark> \/<\/p>\n\n\n\n<p class=\"has-ast-global-color-5-color has-text-color has-link-color wp-elements-3f467f11389a0fd6da3f56b926c2528f\">As reuni\u00f5es acontecem <strong><mark style=\"background-color:rgba(0, 0, 0, 0)\" class=\"has-inline-color has-ast-global-color-5-color\">quinzenalmente<\/mark><\/strong> todas as <mark style=\"background-color:rgba(0, 0, 0, 0)\" class=\"has-inline-color has-ast-global-color-5-color\">quartas-feiras<\/mark> \/<\/p>\n\n\n\n<p class=\"has-ast-global-color-5-color has-text-color has-link-color wp-elements-bddddbd68e16005cae5b86a55f310747\">Fotos do grupo<\/p>\n\n\n\n<p><\/p>\n","protected":false},"excerpt":{"rendered":"<p>O grupo Evento de 10 anos do JEDS em 2024 O grupo de pesquisa JEDS &#8211; Juventude, Educa\u00e7\u00e3o, G\u00eanero, Sexualidade e Sociabilidades foi criado em fevereiro de 2014 e focaliza suas pesquisas na juventude e nos modos de ser jovem, assim como seus valores, posicionamentos, projetos de futuro e aos seus processos de escolariza\u00e7\u00e3o e &hellip;<\/p>\n<p class=\"read-more\"> <a class=\"\" href=\"https:\/\/ccse.uepa.br\/dfcs\/jeds\/quem-somos\/\"> <span class=\"screen-reader-text\">Quem somos<\/span> Leia mais &raquo;<\/a><\/p>\n","protected":false},"author":1,"featured_media":0,"parent":0,"menu_order":0,"comment_status":"closed","ping_status":"closed","template":"","meta":{"_uag_custom_page_level_css":"","site-sidebar-layout":"default","site-content-layout":"","ast-site-content-layout":"","site-content-style":"default","site-sidebar-style":"default","ast-global-header-display":"","ast-banner-title-visibility":"","ast-main-header-display":"","ast-hfb-above-header-display":"","ast-hfb-below-header-display":"","ast-hfb-mobile-header-display":"","site-post-title":"","ast-breadcrumbs-content":"","ast-featured-img":"","footer-sml-layout":"","theme-transparent-header-meta":"","adv-header-id-meta":"","stick-header-meta":"","header-above-stick-meta":"","header-main-stick-meta":"","header-below-stick-meta":"","astra-migrate-meta-layouts":"","ast-page-background-enabled":"default","ast-page-background-meta":{"desktop":{"background-color":"var(--ast-global-color-4)","background-image":"","background-repeat":"repeat","background-position":"center center","background-size":"auto","background-attachment":"scroll","background-type":"","background-media":"","overlay-type":"","overlay-color":"","overlay-gradient":""},"tablet":{"background-color":"","background-image":"","background-repeat":"repeat","background-position":"center center","background-size":"auto","background-attachment":"scroll","background-type":"","background-media":"","overlay-type":"","overlay-color":"","overlay-gradient":""},"mobile":{"background-color":"","background-image":"","background-repeat":"repeat","background-position":"center center","background-size":"auto","background-attachment":"scroll","background-type":"","background-media":"","overlay-type":"","overlay-color":"","overlay-gradient":""}},"ast-content-background-meta":{"desktop":{"background-color":"var(--ast-global-color-5)","background-image":"","background-repeat":"repeat","background-position":"center center","background-size":"auto","background-attachment":"scroll","background-type":"","background-media":"","overlay-type":"","overlay-color":"","overlay-gradient":""},"tablet":{"background-color":"var(--ast-global-color-5)","background-image":"","background-repeat":"repeat","background-position":"center center","background-size":"auto","background-attachment":"scroll","background-type":"","background-media":"","overlay-type":"","overlay-color":"","overlay-gradient":""},"mobile":{"background-color":"var(--ast-global-color-5)","background-image":"","background-repeat":"repeat","background-position":"center center","background-size":"auto","background-attachment":"scroll","background-type":"","background-media":"","overlay-type":"","overlay-color":"","overlay-gradient":""}},"footnotes":""},"class_list":["post-209","page","type-page","status-publish","hentry"],"uagb_featured_image_src":{"full":false,"thumbnail":false,"medium":false,"medium_large":false,"large":false,"1536x1536":false,"2048x2048":false},"uagb_author_info":{"display_name":"adminsites@uepa.br","author_link":"https:\/\/ccse.uepa.br\/dfcs\/jeds\/author\/adminsitesuepa-br\/"},"uagb_comment_info":0,"uagb_excerpt":"O grupo Evento de 10 anos do JEDS em 2024 O grupo de pesquisa JEDS &#8211; Juventude, Educa\u00e7\u00e3o, G\u00eanero, Sexualidade e Sociabilidades foi criado em fevereiro de 2014 e focaliza suas pesquisas na juventude e nos modos de ser jovem, assim como seus valores, posicionamentos, projetos de futuro e aos seus processos de escolariza\u00e7\u00e3o e&hellip;","_links":{"self":[{"href":"https:\/\/ccse.uepa.br\/dfcs\/jeds\/wp-json\/wp\/v2\/pages\/209","targetHints":{"allow":["GET"]}}],"collection":[{"href":"https:\/\/ccse.uepa.br\/dfcs\/jeds\/wp-json\/wp\/v2\/pages"}],"about":[{"href":"https:\/\/ccse.uepa.br\/dfcs\/jeds\/wp-json\/wp\/v2\/types\/page"}],"author":[{"embeddable":true,"href":"https:\/\/ccse.uepa.br\/dfcs\/jeds\/wp-json\/wp\/v2\/users\/1"}],"replies":[{"embeddable":true,"href":"https:\/\/ccse.uepa.br\/dfcs\/jeds\/wp-json\/wp\/v2\/comments?post=209"}],"version-history":[{"count":11,"href":"https:\/\/ccse.uepa.br\/dfcs\/jeds\/wp-json\/wp\/v2\/pages\/209\/revisions"}],"predecessor-version":[{"id":529,"href":"https:\/\/ccse.uepa.br\/dfcs\/jeds\/wp-json\/wp\/v2\/pages\/209\/revisions\/529"}],"wp:attachment":[{"href":"https:\/\/ccse.uepa.br\/dfcs\/jeds\/wp-json\/wp\/v2\/media?parent=209"}],"curies":[{"name":"wp","href":"https:\/\/api.w.org\/{rel}","templated":true}]}}