{"id":219,"date":"2025-04-02T12:39:14","date_gmt":"2025-04-02T15:39:14","guid":{"rendered":"https:\/\/ccse.uepa.br\/dfcs\/jeds\/?page_id=219"},"modified":"2025-11-19T21:10:11","modified_gmt":"2025-11-20T00:10:11","slug":"livros","status":"publish","type":"page","link":"https:\/\/ccse.uepa.br\/dfcs\/jeds\/livros\/","title":{"rendered":"Livros"},"content":{"rendered":"\n<h2 class=\"wp-block-heading has-text-align-center has-ast-global-color-2-color has-text-color has-link-color has-large-font-size wp-elements-7ad7d874e421c7a17946880676537fff\">2021<\/h2>\n\n\n\n<h2 class=\"wp-block-heading has-text-align-center has-medium-font-size\">Juventude e Educa\u00e7\u00e3o no Par\u00e1: Projetos de vida, trajet\u00f3rias e g\u00eanero<\/h2>\n\n\n\n<div class=\"wp-block-media-text is-stacked-on-mobile\" style=\"grid-template-columns:39% auto\"><figure class=\"wp-block-media-text__media\"><a href=\"https:\/\/drive.google.com\/file\/d\/10AEMbQ51jS_dRFRU3z3cI_KCOIkDMYnh\/view?usp=sharing\"><img loading=\"lazy\" decoding=\"async\" width=\"731\" height=\"1024\" src=\"https:\/\/ccse.uepa.br\/dfcs\/jeds\/wp-content\/uploads\/2025\/05\/Juventude_e_Educacao_no_Para_page-0001-731x1024.jpg\" alt=\"\" class=\"wp-image-283 size-full\" srcset=\"https:\/\/ccse.uepa.br\/dfcs\/jeds\/wp-content\/uploads\/2025\/05\/Juventude_e_Educacao_no_Para_page-0001-731x1024.jpg 731w, https:\/\/ccse.uepa.br\/dfcs\/jeds\/wp-content\/uploads\/2025\/05\/Juventude_e_Educacao_no_Para_page-0001-214x300.jpg 214w, https:\/\/ccse.uepa.br\/dfcs\/jeds\/wp-content\/uploads\/2025\/05\/Juventude_e_Educacao_no_Para_page-0001-768x1075.jpg 768w, https:\/\/ccse.uepa.br\/dfcs\/jeds\/wp-content\/uploads\/2025\/05\/Juventude_e_Educacao_no_Para_page-0001-1097x1536.jpg 1097w, https:\/\/ccse.uepa.br\/dfcs\/jeds\/wp-content\/uploads\/2025\/05\/Juventude_e_Educacao_no_Para_page-0001-1463x2048.jpg 1463w, https:\/\/ccse.uepa.br\/dfcs\/jeds\/wp-content\/uploads\/2025\/05\/Juventude_e_Educacao_no_Para_page-0001.jpg 1772w\" sizes=\"auto, (max-width: 731px) 100vw, 731px\" \/><\/a><\/figure><div class=\"wp-block-media-text__content\">\n<p>O primeiro livro do JEDS re\u00fane pesquisas de seus membros acerca de como a juventude no Par\u00e1 est\u00e1 disposta no cen\u00e1rio da educa\u00e7\u00e3o. O principal triunfo do livro \u00e9 trazer pesquisadores jovens para narrar sobre jovens!<\/p>\n\n\n\n<p>Dividido em 3 se\u00e7\u00f5es, o livro mergulha naquilo que \u00e9 o foco do grupo: o protagonismo juvenil. O livro \u00e9, de fato, &#8220;um olhar mais profundo e apurado sobre contextos sociais e rela\u00e7\u00f5es que permeiam o cotidiano de jovens ribeirinhos, jovens mulheres, jovens homossexuais, jovens surdos, jovens em processo de forma\u00e7\u00e3o para a doc\u00eancia entre outras tem\u00e1ticas.&#8221;<\/p>\n<\/div><\/div>\n\n\n\n<h2 class=\"wp-block-heading has-text-align-center has-ast-global-color-5-color has-text-color has-link-color has-small-font-size wp-elements-1a265c1568ec4ace9af3f6cfc7822d82\">&#8230;<\/h2>\n\n\n\n<p class=\"has-small-font-size\"><a href=\"https:\/\/drive.google.com\/file\/d\/10AEMbQ51jS_dRFRU3z3cI_KCOIkDMYnh\/view?usp=sharing\">baixe o livro aqui!<\/a><\/p>\n\n\n\n<h2 class=\"wp-block-heading has-text-align-center has-large-font-size\">2024<\/h2>\n\n\n\n<h2 class=\"wp-block-heading has-medium-font-size\">G\u00eanero e Sexualidade na Amaz\u00f4nia: Forma\u00e7\u00e3o de professores, pr\u00e1ticas pedag\u00f3gicas e processos educativos<\/h2>\n\n\n\n<div class=\"wp-block-media-text is-stacked-on-mobile\" style=\"grid-template-columns:38% auto\"><figure class=\"wp-block-media-text__media\"><a href=\"https:\/\/drive.google.com\/file\/d\/1AiVdLep0RtSBuwku588ZME0bOhF_xdvJ\/view?usp=drive_link\"><img loading=\"lazy\" decoding=\"async\" width=\"474\" height=\"664\" src=\"https:\/\/ccse.uepa.br\/dfcs\/jeds\/wp-content\/uploads\/2025\/05\/genero-sexualidade-na-amazonia.jpeg\" alt=\"\" class=\"wp-image-284 size-full\" srcset=\"https:\/\/ccse.uepa.br\/dfcs\/jeds\/wp-content\/uploads\/2025\/05\/genero-sexualidade-na-amazonia.jpeg 474w, https:\/\/ccse.uepa.br\/dfcs\/jeds\/wp-content\/uploads\/2025\/05\/genero-sexualidade-na-amazonia-214x300.jpeg 214w\" sizes=\"auto, (max-width: 474px) 100vw, 474px\" \/><\/a><\/figure><div class=\"wp-block-media-text__content\">\n<p>Este segundo livro, lan\u00e7ando em parceria com o grupo Gepce\/minorias da Universidade Federal do Tocantins (UFT), est\u00e1 repleto de pesquisas dos membros acerca de viv\u00eancias singulares que o Norte do Brasil exprime, principalmente, no que diz respeito \u00e0s quest\u00f5es de g\u00eanero, sexualidade e educa\u00e7\u00e3o.<\/p>\n\n\n\n<p>Este livro \u00e9 definitivamente &#8220;um parto coletivo de muitas hist\u00f3rias pessoais vivenciadas nas quest\u00f5es de g\u00eanero&#8221;.<\/p>\n<\/div><\/div>\n\n\n\n<h2 class=\"wp-block-heading has-small-font-size\"><a href=\"https:\/\/drive.google.com\/file\/d\/1AiVdLep0RtSBuwku588ZME0bOhF_xdvJ\/view?usp=drive_link\">baixe o livro aqui!<\/a><\/h2>\n\n\n\n<h2 class=\"wp-block-heading has-text-align-center\">Livros de Pesquisas do JEDS<\/h2>\n\n\n\n<h2 class=\"wp-block-heading has-text-align-center has-medium-font-size\">Juventude e Ensino M\u00e9dio:  Desconstruindo percep\u00e7\u00f5es, elaborando novas possibilidades (2018)<\/h2>\n\n\n\n<div class=\"wp-block-media-text is-stacked-on-mobile\" style=\"grid-template-columns:26% auto\"><figure class=\"wp-block-media-text__media\"><a href=\"https:\/\/loja.editoracrv.com.br\/produtos\/juventude-e-ensino-mediodesconstruindo-percepcoes-elaborando-novas-possibilidades\/?srsltid=AfmBOopGZgfkeVtQIMowW3i3smYBDe6Jo3jGWIvMM3Dn_m4CPRfg4OIX\"><img loading=\"lazy\" decoding=\"async\" width=\"313\" height=\"451\" src=\"https:\/\/ccse.uepa.br\/dfcs\/jeds\/wp-content\/uploads\/2025\/10\/Juventude-e-Ens-Media_Anderson.jpg\" alt=\"\" class=\"wp-image-655 size-full\" srcset=\"https:\/\/ccse.uepa.br\/dfcs\/jeds\/wp-content\/uploads\/2025\/10\/Juventude-e-Ens-Media_Anderson.jpg 313w, https:\/\/ccse.uepa.br\/dfcs\/jeds\/wp-content\/uploads\/2025\/10\/Juventude-e-Ens-Media_Anderson-208x300.jpg 208w\" sizes=\"auto, (max-width: 313px) 100vw, 313px\" \/><\/a><\/figure><div class=\"wp-block-media-text__content\">\n<p>Este livro \u00e9 resultado de uma disserta\u00e7\u00e3o de mestrado de Anderson Maia e volta-se para o que as e os estudantes de escola p\u00fablica tem a dizer sobre suas experi\u00eancias no Ensino M\u00e9dio regular noturno e suas expectativas quanto \u00e0 escola que estudavam. Esta op\u00e7\u00e3o manifesta-se no trabalho por colocar no centro da investiga\u00e7\u00e3o a voz de meninos e meninas com idade entre 17 e 24 anos, inseridos no mercado de trabalho e estudantes de uma escola situada num bairro perif\u00e9rico e com alto \u00edndice de evas\u00e3o escolar.<\/p>\n\n\n\n<p><\/p>\n<\/div><\/div>\n\n\n\n<h2 class=\"wp-block-heading has-text-align-center has-medium-font-size\">Juventude e Ensino M\u00e9dio: Trajet\u00f3rias, desafios e perspectivas de futuro de estudantes de S\u00e3o Sebasti\u00e3o da Boa Vista (2018)<\/h2>\n\n\n\n<div class=\"wp-block-media-text is-stacked-on-mobile\" style=\"grid-template-columns:29% auto\"><figure class=\"wp-block-media-text__media\"><a href=\"https:\/\/caravanagrupoeditorial.com.br\/produto\/juventude-e-ensino-medio-trajetorias-desafios-e-perspectivas-de-futuro-de-estudantes-de-sao-sebastiao-da-boa-vista\/\"><img loading=\"lazy\" decoding=\"async\" width=\"299\" height=\"421\" src=\"https:\/\/ccse.uepa.br\/dfcs\/jeds\/wp-content\/uploads\/2025\/10\/Angelica_livro.jpg\" alt=\"\" class=\"wp-image-656 size-full\" srcset=\"https:\/\/ccse.uepa.br\/dfcs\/jeds\/wp-content\/uploads\/2025\/10\/Angelica_livro.jpg 299w, https:\/\/ccse.uepa.br\/dfcs\/jeds\/wp-content\/uploads\/2025\/10\/Angelica_livro-213x300.jpg 213w\" sizes=\"auto, (max-width: 299px) 100vw, 299px\" \/><\/a><\/figure><div class=\"wp-block-media-text__content\">\n<p>Os estudos sobre a juventude no campo da educa\u00e7\u00e3o t\u00eam avan\u00e7ado nos \u00faltimos anos, mas poucos s\u00e3o aqueles que se dirigem aos jovens fora dos grandes centros urbanos. Este livro traz uma pesquisa in\u00e9dita sobre jovens boa-vistenses, discutindo o significado que atribuem a escola e seus projetos de vida. A autora apresenta os resultados de uma pesquisa qualitativa que re\u00fane trajet\u00f3rias biogr\u00e1ficas e analisa diferentes aspectos que constituem a vida escolar dos e das jovens, sobre o Ensino M\u00e9dio. Al\u00e9m disso o livro apresenta o tra\u00e7ado hist\u00f3rico do Ensino M\u00e9dio na cidade de S\u00e3o Sebasti\u00e3o da Boa Vista, reconstituindo particularidades que levaram a obten\u00e7\u00e3o da oferta governamental desse n\u00edvel de ensino na cidade. Assim, a leitura do livro interessa a pesquisadores da \u00e1rea da educa\u00e7\u00e3o assim como a outros interessados no estudo de jovens paraenses.<\/p>\n\n\n\n<p><\/p>\n<\/div><\/div>\n\n\n\n<h2 class=\"wp-block-heading has-text-align-center has-large-font-size\">Livros com membros do JEDS<\/h2>\n\n\n\n<h2 class=\"wp-block-heading has-text-align-center has-medium-font-size\">Di\u00e1logos sobre G\u00eanero, Sexualidade e Educa\u00e7\u00e3o (2025)<\/h2>\n\n\n\n<div class=\"wp-block-media-text is-stacked-on-mobile\" style=\"grid-template-columns:29% auto\"><figure class=\"wp-block-media-text__media\"><a href=\"https:\/\/propesp.uepa.br\/ppged\/wp-content\/uploads\/2025\/08\/DIA\u0301LOGOS-SOBRE-GE\u0302NERO-SEXUALIDADE-E-EDUCAC\u0327A\u0303O-2025.pdf?fbclid=PAZXh0bgNhZW0CMTEAAad8VdmArsyuWTMir-XoUt5sVY9IVt0BdTHiBkgvClK08vPCWm4slHyMbwFdnw_aem_fZs1ZPs9f7N-QHaElllOHA\"><img loading=\"lazy\" decoding=\"async\" width=\"699\" height=\"1024\" src=\"https:\/\/ccse.uepa.br\/dfcs\/jeds\/wp-content\/uploads\/2025\/09\/Imagem-do-WhatsApp-de-2025-08-14-as-18.23.12_850d9934-699x1024.jpg\" alt=\"\" class=\"wp-image-606 size-full\" srcset=\"https:\/\/ccse.uepa.br\/dfcs\/jeds\/wp-content\/uploads\/2025\/09\/Imagem-do-WhatsApp-de-2025-08-14-as-18.23.12_850d9934-699x1024.jpg 699w, https:\/\/ccse.uepa.br\/dfcs\/jeds\/wp-content\/uploads\/2025\/09\/Imagem-do-WhatsApp-de-2025-08-14-as-18.23.12_850d9934-205x300.jpg 205w, https:\/\/ccse.uepa.br\/dfcs\/jeds\/wp-content\/uploads\/2025\/09\/Imagem-do-WhatsApp-de-2025-08-14-as-18.23.12_850d9934-768x1124.jpg 768w, https:\/\/ccse.uepa.br\/dfcs\/jeds\/wp-content\/uploads\/2025\/09\/Imagem-do-WhatsApp-de-2025-08-14-as-18.23.12_850d9934-1049x1536.jpg 1049w, https:\/\/ccse.uepa.br\/dfcs\/jeds\/wp-content\/uploads\/2025\/09\/Imagem-do-WhatsApp-de-2025-08-14-as-18.23.12_850d9934.jpg 1075w\" sizes=\"auto, (max-width: 699px) 100vw, 699px\" \/><\/a><\/figure><div class=\"wp-block-media-text__content\">\n<p>O e-book &#8220;Di\u00e1logos sobre G\u00eanero, Sexualidade e Educa\u00e7\u00e3o&#8221; foi lan\u00e7ado em 2025 e conta com a participa\u00e7\u00e3o de v\u00e1rios participantes do JEDS, al\u00e9m de outros pesquisadores.<\/p>\n\n\n\n<p>Esta \u00e9 uma colet\u00e2nea que re\u00fane 14 textos de estudantes do Programa de P\u00f3s-Gradua\u00e7\u00e3o em Educa\u00e7\u00e3o da Universidade do Estado do Par\u00e1, que discute sobre as rela\u00e7\u00f5es de g\u00eanero, sexualidade, processos educativos e pr\u00e1ticas pedag\u00f3gicas.<\/p>\n<\/div><\/div>\n\n\n\n<h2 class=\"wp-block-heading has-text-align-center has-medium-font-size\"><\/h2>\n\n\n\n<h2 class=\"wp-block-heading has-text-align-center has-medium-font-size\">Trabalho, Emprego e Renda Trans no Par\u00e1 (2025)<\/h2>\n\n\n\n<div class=\"wp-block-media-text has-media-on-the-right is-stacked-on-mobile\" style=\"grid-template-columns:auto 31%\"><div class=\"wp-block-media-text__content\">\n<p>O e-book \u00e9 resultado do curso de especializa\u00e7\u00e3o em Promo\u00e7\u00e3o de Pol\u00edticas P\u00fablicas em G\u00eanero e Sexualidade na Amaz\u00f4nia, promovido pelo Programa de P\u00f3s-Gradua\u00e7\u00e3o em Direito e Desenvolvimento na Amaz\u00f4nia (PPGDA) da Universidade Federal do Par\u00e1 (UFPA).<\/p>\n\n\n\n<p>Esta \u00e9 uma colet\u00e2nea de textos que contam com a participa\u00e7\u00e3o de pesquisadores do JEDS, reunindo v\u00e1rios textos que discutem sobre formula\u00e7\u00f5es de pol\u00edticas p\u00fablicas para a popula\u00e7\u00e3o LGBTQIA+, estrat\u00e9gias para a supera\u00e7\u00e3o de barreiras institucionais e culturais desta popula\u00e7\u00e3o, adotando a regi\u00e3o Amaz\u00f4nia como foco.<\/p>\n<\/div><figure class=\"wp-block-media-text__media\"><img loading=\"lazy\" decoding=\"async\" width=\"366\" height=\"480\" src=\"https:\/\/ccse.uepa.br\/dfcs\/jeds\/wp-content\/uploads\/2025\/10\/Captura-de-tela-2025-10-01-162459-1.png\" alt=\"\" class=\"wp-image-633 size-full\" srcset=\"https:\/\/ccse.uepa.br\/dfcs\/jeds\/wp-content\/uploads\/2025\/10\/Captura-de-tela-2025-10-01-162459-1.png 366w, https:\/\/ccse.uepa.br\/dfcs\/jeds\/wp-content\/uploads\/2025\/10\/Captura-de-tela-2025-10-01-162459-1-229x300.png 229w\" sizes=\"auto, (max-width: 366px) 100vw, 366px\" \/><\/figure><\/div>\n\n\n\n<h2 class=\"wp-block-heading has-text-align-center\">Cap\u00edtulos de livros com membros do JEDS<\/h2>\n\n\n\n<div class=\"wp-block-media-text is-stacked-on-mobile\" style=\"grid-template-columns:20% auto\"><figure class=\"wp-block-media-text__media\"><a href=\"https:\/\/drive.google.com\/file\/d\/1OfigWHYHQ7SNL1Xc5xFj7T0HuDB4E9PM\/view?usp=drive_link\"><img loading=\"lazy\" decoding=\"async\" width=\"173\" height=\"250\" src=\"https:\/\/ccse.uepa.br\/dfcs\/jeds\/wp-content\/uploads\/2025\/10\/images-2.jpg\" alt=\"\" class=\"wp-image-664 size-full\"\/><\/a><\/figure><div class=\"wp-block-media-text__content\">\n<h6 class=\"wp-block-heading\"><strong>Origem Familiar, Percursos Acad\u00eamicos e Projetos de estudantes universit\u00e1rios brasileiros e chineses<\/strong><\/h6>\n\n\n\n<p>Wivian Weller, Chen Weidong e Luc\u00e9lia Bassalo<\/p>\n<\/div><\/div>\n\n\n\n<div class=\"wp-block-media-text has-media-on-the-right is-stacked-on-mobile\" style=\"grid-template-columns:auto 20%\"><div class=\"wp-block-media-text__content\">\n<h6 class=\"wp-block-heading has-text-align-right\"><strong>Young Generations and Process of Identidy Formation in Brazil<\/strong><\/h6>\n\n\n\n<p class=\"has-text-align-right\">Wivian Weller e Luc\u00e9lia Bassalo<\/p>\n<\/div><figure class=\"wp-block-media-text__media\"><a href=\"https:\/\/drive.google.com\/file\/d\/1yC0h5NE_3Of59-dsLfXjn-PQgJxbU_DL\/view?usp=drive_link\"><img loading=\"lazy\" decoding=\"async\" width=\"450\" height=\"666\" src=\"https:\/\/ccse.uepa.br\/dfcs\/jeds\/wp-content\/uploads\/2025\/10\/10247.cover_.jpg\" alt=\"\" class=\"wp-image-661 size-full\" srcset=\"https:\/\/ccse.uepa.br\/dfcs\/jeds\/wp-content\/uploads\/2025\/10\/10247.cover_.jpg 450w, https:\/\/ccse.uepa.br\/dfcs\/jeds\/wp-content\/uploads\/2025\/10\/10247.cover_-203x300.jpg 203w\" sizes=\"auto, (max-width: 450px) 100vw, 450px\" \/><\/a><\/figure><\/div>\n\n\n\n<div class=\"wp-block-media-text is-stacked-on-mobile\" style=\"grid-template-columns:20% auto\"><figure class=\"wp-block-media-text__media\"><a href=\"https:\/\/drive.google.com\/file\/d\/16vUMmGZ0eB71r8VcTCrVgQIJoHoZDugg\/view?usp=drive_link\"><img loading=\"lazy\" decoding=\"async\" width=\"187\" height=\"270\" src=\"https:\/\/ccse.uepa.br\/dfcs\/jeds\/wp-content\/uploads\/2025\/10\/images.jpg\" alt=\"\" class=\"wp-image-662 size-full\"\/><\/a><\/figure><div class=\"wp-block-media-text__content\">\n<h6 class=\"wp-block-heading\"><strong>Jovens Mulheres e Feminismo<\/strong><\/h6>\n\n\n\n<p>Luc\u00e9lia Bassalo<\/p>\n<\/div><\/div>\n\n\n\n<div class=\"wp-block-media-text has-media-on-the-right is-stacked-on-mobile\" style=\"grid-template-columns:auto 20%\"><div class=\"wp-block-media-text__content\">\n<h6 class=\"wp-block-heading\"><strong>Juventude(s) e Feminismo(s): O que dizem as pesquisas em educa\u00e7\u00e3o<\/strong><\/h6>\n\n\n\n<p>Ana Daniele Mendes Carrera, Thaiana Machado dos Anjos, Lucelia Bassalo e Edla Eggerta<\/p>\n<\/div><figure class=\"wp-block-media-text__media\"><a href=\"https:\/\/www.researchgate.net\/profile\/Lucelia-Bassalo\/publication\/377059109_JUVENTUDES_E_FEMINISMOS_O_QUE_DIZEM_AS_PESQUISAS_EM_EDUCACAO\/links\/65a702b547fc9041629d550c\/JUVENTUDES-E-FEMINISMOS-O-QUE-DIZEM-AS-PESQUISAS-EM-EDUCACAO.pdf\"><img loading=\"lazy\" decoding=\"async\" width=\"187\" height=\"270\" src=\"https:\/\/ccse.uepa.br\/dfcs\/jeds\/wp-content\/uploads\/2025\/10\/images-1.jpg\" alt=\"\" class=\"wp-image-663 size-full\"\/><\/a><\/figure><\/div>\n\n\n\n<div class=\"wp-block-media-text is-stacked-on-mobile\" style=\"grid-template-columns:25% auto\"><figure class=\"wp-block-media-text__media\"><img loading=\"lazy\" decoding=\"async\" width=\"395\" height=\"560\" src=\"https:\/\/ccse.uepa.br\/dfcs\/jeds\/wp-content\/uploads\/2025\/11\/Captura-de-tela-2025-11-19-210714.png\" alt=\"\" class=\"wp-image-671 size-full\" srcset=\"https:\/\/ccse.uepa.br\/dfcs\/jeds\/wp-content\/uploads\/2025\/11\/Captura-de-tela-2025-11-19-210714.png 395w, https:\/\/ccse.uepa.br\/dfcs\/jeds\/wp-content\/uploads\/2025\/11\/Captura-de-tela-2025-11-19-210714-212x300.png 212w\" sizes=\"auto, (max-width: 395px) 100vw, 395px\" \/><\/figure><div class=\"wp-block-media-text__content\">\n<h6 class=\"wp-block-heading\">Michel Foucault e as contribui\u00e7\u00f5es te\u00f3ricas p\u00f3s-estruturalistas para as pesquisas em educa\u00e7\u00e3o<\/h6>\n\n\n\n<p>Matheus Oliveira da Costa<\/p>\n<\/div><\/div>\n","protected":false},"excerpt":{"rendered":"<p>2021 Juventude e Educa\u00e7\u00e3o no Par\u00e1: Projetos de vida, trajet\u00f3rias e g\u00eanero O primeiro livro do JEDS re\u00fane pesquisas de seus membros acerca de como a juventude no Par\u00e1 est\u00e1 disposta no cen\u00e1rio da educa\u00e7\u00e3o. O principal triunfo do livro \u00e9 trazer pesquisadores jovens para narrar sobre jovens! Dividido em 3 se\u00e7\u00f5es, o livro mergulha &hellip;<\/p>\n<p class=\"read-more\"> <a class=\"\" href=\"https:\/\/ccse.uepa.br\/dfcs\/jeds\/livros\/\"> <span class=\"screen-reader-text\">Livros<\/span> Leia mais &raquo;<\/a><\/p>\n","protected":false},"author":1,"featured_media":0,"parent":0,"menu_order":0,"comment_status":"closed","ping_status":"closed","template":"","meta":{"_uag_custom_page_level_css":"","site-sidebar-layout":"default","site-content-layout":"","ast-site-content-layout":"","site-content-style":"default","site-sidebar-style":"default","ast-global-header-display":"","ast-banner-title-visibility":"","ast-main-header-display":"","ast-hfb-above-header-display":"","ast-hfb-below-header-display":"","ast-hfb-mobile-header-display":"","site-post-title":"","ast-breadcrumbs-content":"","ast-featured-img":"","footer-sml-layout":"","theme-transparent-header-meta":"","adv-header-id-meta":"","stick-header-meta":"","header-above-stick-meta":"","header-main-stick-meta":"","header-below-stick-meta":"","astra-migrate-meta-layouts":"","ast-page-background-enabled":"default","ast-page-background-meta":{"desktop":{"background-color":"var(--ast-global-color-4)","background-image":"","background-repeat":"repeat","background-position":"center center","background-size":"auto","background-attachment":"scroll","background-type":"","background-media":"","overlay-type":"","overlay-color":"","overlay-gradient":""},"tablet":{"background-color":"","background-image":"","background-repeat":"repeat","background-position":"center center","background-size":"auto","background-attachment":"scroll","background-type":"","background-media":"","overlay-type":"","overlay-color":"","overlay-gradient":""},"mobile":{"background-color":"","background-image":"","background-repeat":"repeat","background-position":"center center","background-size":"auto","background-attachment":"scroll","background-type":"","background-media":"","overlay-type":"","overlay-color":"","overlay-gradient":""}},"ast-content-background-meta":{"desktop":{"background-color":"var(--ast-global-color-5)","background-image":"","background-repeat":"repeat","background-position":"center center","background-size":"auto","background-attachment":"scroll","background-type":"","background-media":"","overlay-type":"","overlay-color":"","overlay-gradient":""},"tablet":{"background-color":"var(--ast-global-color-5)","background-image":"","background-repeat":"repeat","background-position":"center center","background-size":"auto","background-attachment":"scroll","background-type":"","background-media":"","overlay-type":"","overlay-color":"","overlay-gradient":""},"mobile":{"background-color":"var(--ast-global-color-5)","background-image":"","background-repeat":"repeat","background-position":"center center","background-size":"auto","background-attachment":"scroll","background-type":"","background-media":"","overlay-type":"","overlay-color":"","overlay-gradient":""}},"footnotes":""},"class_list":["post-219","page","type-page","status-publish","hentry"],"uagb_featured_image_src":{"full":false,"thumbnail":false,"medium":false,"medium_large":false,"large":false,"1536x1536":false,"2048x2048":false},"uagb_author_info":{"display_name":"adminsites@uepa.br","author_link":"https:\/\/ccse.uepa.br\/dfcs\/jeds\/author\/adminsitesuepa-br\/"},"uagb_comment_info":0,"uagb_excerpt":"2021 Juventude e Educa\u00e7\u00e3o no Par\u00e1: Projetos de vida, trajet\u00f3rias e g\u00eanero O primeiro livro do JEDS re\u00fane pesquisas de seus membros acerca de como a juventude no Par\u00e1 est\u00e1 disposta no cen\u00e1rio da educa\u00e7\u00e3o. O principal triunfo do livro \u00e9 trazer pesquisadores jovens para narrar sobre jovens! Dividido em 3 se\u00e7\u00f5es, o livro mergulha&hellip;","_links":{"self":[{"href":"https:\/\/ccse.uepa.br\/dfcs\/jeds\/wp-json\/wp\/v2\/pages\/219","targetHints":{"allow":["GET"]}}],"collection":[{"href":"https:\/\/ccse.uepa.br\/dfcs\/jeds\/wp-json\/wp\/v2\/pages"}],"about":[{"href":"https:\/\/ccse.uepa.br\/dfcs\/jeds\/wp-json\/wp\/v2\/types\/page"}],"author":[{"embeddable":true,"href":"https:\/\/ccse.uepa.br\/dfcs\/jeds\/wp-json\/wp\/v2\/users\/1"}],"replies":[{"embeddable":true,"href":"https:\/\/ccse.uepa.br\/dfcs\/jeds\/wp-json\/wp\/v2\/comments?post=219"}],"version-history":[{"count":13,"href":"https:\/\/ccse.uepa.br\/dfcs\/jeds\/wp-json\/wp\/v2\/pages\/219\/revisions"}],"predecessor-version":[{"id":672,"href":"https:\/\/ccse.uepa.br\/dfcs\/jeds\/wp-json\/wp\/v2\/pages\/219\/revisions\/672"}],"wp:attachment":[{"href":"https:\/\/ccse.uepa.br\/dfcs\/jeds\/wp-json\/wp\/v2\/media?parent=219"}],"curies":[{"name":"wp","href":"https:\/\/api.w.org\/{rel}","templated":true}]}}