{"id":227,"date":"2025-04-02T12:41:28","date_gmt":"2025-04-02T15:41:28","guid":{"rendered":"https:\/\/ccse.uepa.br\/dfcs\/jeds\/?page_id=227"},"modified":"2025-08-20T18:37:46","modified_gmt":"2025-08-20T21:37:46","slug":"dissertacoes","status":"publish","type":"page","link":"https:\/\/ccse.uepa.br\/dfcs\/jeds\/dissertacoes\/","title":{"rendered":"Disserta\u00e7\u00f5es"},"content":{"rendered":"\n<h2 class=\"wp-block-heading has-text-align-left has-medium-font-size\">2018<\/h2>\n\n\n\n<ul class=\"wp-block-list\">\n<li><a href=\"https:\/\/drive.google.com\/file\/d\/1Do1iAhjxKFAxMAkUZnKzm2Il77qqodCN\/view?usp=drive_link\">Entre outras mil, \u00e9s tu&#8230;&nbsp; futuro professor: percep\u00e7\u00f5es de estudantes de licenciatura sobre igualdade e preconceito<\/a><\/li>\n<\/ul>\n\n\n\n<p>Autoria: <a href=\"http:\/\/lattes.cnpq.br\/8365559258006697\">Thais Mendon\u00e7a<\/a><\/p>\n\n\n\n<ul class=\"wp-block-list\">\n<li><a href=\"https:\/\/drive.google.com\/file\/d\/1QYWA8VMEAuh9YquX8F3A6A0BUfF-l-RG\/view?usp=drive_link\">Juventude e Ensino M\u00e9dio: desconstruindo percep\u00e7\u00f5es, elaborando novas possibilidades<\/a><\/li>\n<\/ul>\n\n\n\n<p>Autoria: Anderson Maia<\/p>\n\n\n\n<h2 class=\"wp-block-heading has-text-align-left has-medium-font-size\">2019<\/h2>\n\n\n\n<ul class=\"wp-block-list\">\n<li><a href=\"https:\/\/drive.google.com\/file\/d\/1j35XJV6pxttBA2j1GuCrXW2TMRlbJ406\/view?usp=drive_link\">Professor Gay e Professora L\u00e9sbica: Um estudo sobre homofobia na doc\u00eancia<\/a><\/li>\n<\/ul>\n\n\n\n<p>Autoria: <a href=\"http:\/\/lattes.cnpq.br\/6470139932410605\">Jardin\u00e9lio Reis<\/a><\/p>\n\n\n\n<ul class=\"wp-block-list\">\n<li><a href=\"https:\/\/drive.google.com\/file\/d\/1oMCnACnQEEDSGrcMsXDAUg2CHcRYefiq\/view?usp=drive_link\">Futuras Professoras e Feministas: A constru\u00e7\u00e3o de uma doc\u00eancia voltada \u00e0 equidade de g\u00eanero<\/a><\/li>\n<\/ul>\n\n\n\n<p>Autoria: <a href=\"http:\/\/lattes.cnpq.br\/0614261853983996\">Ana Daniele Mendes<\/a><\/p>\n\n\n\n<h5 class=\"wp-block-heading\">2021<\/h5>\n\n\n\n<ul class=\"wp-block-list\">\n<li><strong><a href=\"https:\/\/propesp.uepa.br\/ppged\/wp-content\/uploads\/dissertacoes\/15\/Aldo_Cativo_da_Silva_Filho.pdf\">EDUCA\u00c7\u00c3O, G\u00caNERO E SEXUALIDADE NO CIBERESPA\u00c7O:\u00a0Aprendizagens em Grupos Conservadores e Progressistas do Facebook<\/a><\/strong><\/li>\n<\/ul>\n\n\n\n<p>Autoria: Aldo Cativo<\/p>\n\n\n\n<ul class=\"wp-block-list\">\n<li><strong>Entre rios e sonhos, o professor: um estudo sobre os<\/strong> limites, possibilidades e desafios inerentes \u00e0 pr\u00e1tica docente com jovens ribeirinhos em cidade do nordeste do Par\u00e1<\/li>\n<\/ul>\n\n\n\n<p>Autoria: Vanessa Afonso<\/p>\n\n\n\n<h5 class=\"wp-block-heading\">2022<\/h5>\n\n\n\n<ul class=\"wp-block-list\">\n<li><a href=\"https:\/\/propesp.uepa.br\/ppged\/wp-content\/uploads\/2024\/01\/ANGELICA-PAULA-FERREIRA-GOMES.pdf\">OS SENTIDOS DA EXPERI\u00caNCIA ESCOLAR DE JOVENS MULHERES BOA-VISTENSES<\/a><\/li>\n<\/ul>\n\n\n\n<p>Autoria: Ang\u00e9lica Paula Gomes<\/p>\n\n\n\n<ul class=\"wp-block-list\">\n<li><a href=\"https:\/\/propesp.uepa.br\/ppged\/wp-content\/uploads\/2024\/01\/Matheus-Henrique-Silva-de-Oliveira.pdf\">CONDI\u00c7\u00d5ES DE TRABALHO DE JOVENS PROFESSORAS UNIVERSIT\u00c1RIAS, NO CONTEXTO DA OLIGOPOLIZA\u00c7\u00c3O DO ENSINO SUPERIOR PRIVADO-MERCANTIL EM BEL\u00c9M-PA<\/a><\/li>\n<\/ul>\n\n\n\n<p>Autoria: Matheus Henrique de Oliveira<\/p>\n\n\n\n<h5 class=\"wp-block-heading\">2024<\/h5>\n\n\n\n<ul class=\"wp-block-list\"><\/ul>\n\n\n\n<ul class=\"wp-block-list\">\n<li><a href=\"https:\/\/drive.google.com\/file\/d\/1-_MoIGAV3tzR30t77LsV8MQ9WbkLxSCY\/view?usp=sharing\">\u201cN\u00c3O QUERIAM JOGAR POR CONTA DEU SER TRANS\u201d: EXPERI\u00caNCIAS DE MULHERES TRANS E TRAVESTIS PARAENSES NAS AULAS DE EDUCA\u00c7\u00c3O F\u00cdSICA<\/a><\/li>\n<\/ul>\n\n\n\n<p>Autoria: Jesyan Wilysses<\/p>\n\n\n\n<ul class=\"wp-block-list\">\n<li><a href=\"https:\/\/propesp.uepa.br\/ppged\/wp-content\/uploads\/2024\/10\/Dissertacao-Luis-Gustavo-Mendes-Monteiro-Versao-Final-1_compressed.pdf\">&#8220;\u00c9 dif\u00edcil estar na escola&#8221;: A Transfobia a partir de mulheres-transg\u00eaneras-professoras-amaz\u00f4nicas, no Estado do Par\u00e1<\/a><\/li>\n<\/ul>\n\n\n\n<p>Autoria: Lu\u00eds Gustavo Monteiro<\/p>\n","protected":false},"excerpt":{"rendered":"<p>2018 Autoria: Thais Mendon\u00e7a Autoria: Anderson Maia 2019 Autoria: Jardin\u00e9lio Reis Autoria: Ana Daniele Mendes 2021 Autoria: Aldo Cativo Autoria: Vanessa Afonso 2022 Autoria: Ang\u00e9lica Paula Gomes Autoria: Matheus Henrique de Oliveira 2024 Autoria: Jesyan Wilysses Autoria: Lu\u00eds Gustavo Monteiro<\/p>\n","protected":false},"author":1,"featured_media":0,"parent":0,"menu_order":0,"comment_status":"closed","ping_status":"closed","template":"","meta":{"_uag_custom_page_level_css":"","site-sidebar-layout":"default","site-content-layout":"","ast-site-content-layout":"","site-content-style":"default","site-sidebar-style":"default","ast-global-header-display":"","ast-banner-title-visibility":"","ast-main-header-display":"","ast-hfb-above-header-display":"","ast-hfb-below-header-display":"","ast-hfb-mobile-header-display":"","site-post-title":"","ast-breadcrumbs-content":"","ast-featured-img":"","footer-sml-layout":"","theme-transparent-header-meta":"","adv-header-id-meta":"","stick-header-meta":"","header-above-stick-meta":"","header-main-stick-meta":"","header-below-stick-meta":"","astra-migrate-meta-layouts":"","ast-page-background-enabled":"default","ast-page-background-meta":{"desktop":{"background-color":"var(--ast-global-color-4)","background-image":"","background-repeat":"repeat","background-position":"center center","background-size":"auto","background-attachment":"scroll","background-type":"","background-media":"","overlay-type":"","overlay-color":"","overlay-gradient":""},"tablet":{"background-color":"","background-image":"","background-repeat":"repeat","background-position":"center center","background-size":"auto","background-attachment":"scroll","background-type":"","background-media":"","overlay-type":"","overlay-color":"","overlay-gradient":""},"mobile":{"background-color":"","background-image":"","background-repeat":"repeat","background-position":"center center","background-size":"auto","background-attachment":"scroll","background-type":"","background-media":"","overlay-type":"","overlay-color":"","overlay-gradient":""}},"ast-content-background-meta":{"desktop":{"background-color":"var(--ast-global-color-5)","background-image":"","background-repeat":"repeat","background-position":"center center","background-size":"auto","background-attachment":"scroll","background-type":"","background-media":"","overlay-type":"","overlay-color":"","overlay-gradient":""},"tablet":{"background-color":"var(--ast-global-color-5)","background-image":"","background-repeat":"repeat","background-position":"center center","background-size":"auto","background-attachment":"scroll","background-type":"","background-media":"","overlay-type":"","overlay-color":"","overlay-gradient":""},"mobile":{"background-color":"var(--ast-global-color-5)","background-image":"","background-repeat":"repeat","background-position":"center center","background-size":"auto","background-attachment":"scroll","background-type":"","background-media":"","overlay-type":"","overlay-color":"","overlay-gradient":""}},"footnotes":""},"class_list":["post-227","page","type-page","status-publish","hentry"],"uagb_featured_image_src":{"full":false,"thumbnail":false,"medium":false,"medium_large":false,"large":false,"1536x1536":false,"2048x2048":false},"uagb_author_info":{"display_name":"adminsites@uepa.br","author_link":"https:\/\/ccse.uepa.br\/dfcs\/jeds\/author\/adminsitesuepa-br\/"},"uagb_comment_info":0,"uagb_excerpt":"2018 Autoria: Thais Mendon\u00e7a Autoria: Anderson Maia 2019 Autoria: Jardin\u00e9lio Reis Autoria: Ana Daniele Mendes 2021 Autoria: Aldo Cativo Autoria: Vanessa Afonso 2022 Autoria: Ang\u00e9lica Paula Gomes Autoria: Matheus Henrique de Oliveira 2024 Autoria: Jesyan Wilysses Autoria: Lu\u00eds Gustavo Monteiro","_links":{"self":[{"href":"https:\/\/ccse.uepa.br\/dfcs\/jeds\/wp-json\/wp\/v2\/pages\/227","targetHints":{"allow":["GET"]}}],"collection":[{"href":"https:\/\/ccse.uepa.br\/dfcs\/jeds\/wp-json\/wp\/v2\/pages"}],"about":[{"href":"https:\/\/ccse.uepa.br\/dfcs\/jeds\/wp-json\/wp\/v2\/types\/page"}],"author":[{"embeddable":true,"href":"https:\/\/ccse.uepa.br\/dfcs\/jeds\/wp-json\/wp\/v2\/users\/1"}],"replies":[{"embeddable":true,"href":"https:\/\/ccse.uepa.br\/dfcs\/jeds\/wp-json\/wp\/v2\/comments?post=227"}],"version-history":[{"count":6,"href":"https:\/\/ccse.uepa.br\/dfcs\/jeds\/wp-json\/wp\/v2\/pages\/227\/revisions"}],"predecessor-version":[{"id":588,"href":"https:\/\/ccse.uepa.br\/dfcs\/jeds\/wp-json\/wp\/v2\/pages\/227\/revisions\/588"}],"wp:attachment":[{"href":"https:\/\/ccse.uepa.br\/dfcs\/jeds\/wp-json\/wp\/v2\/media?parent=227"}],"curies":[{"name":"wp","href":"https:\/\/api.w.org\/{rel}","templated":true}]}}