{"id":393,"date":"2025-05-27T14:50:43","date_gmt":"2025-05-27T17:50:43","guid":{"rendered":"https:\/\/ccse.uepa.br\/dfcs\/jeds\/?page_id=393"},"modified":"2025-10-11T12:37:49","modified_gmt":"2025-10-11T15:37:49","slug":"juventude-genero-e-sexualidade","status":"publish","type":"page","link":"https:\/\/ccse.uepa.br\/dfcs\/jeds\/juventude-genero-e-sexualidade\/","title":{"rendered":"Juventude, G\u00eanero e Sexualidade"},"content":{"rendered":"\n<h2 class=\"wp-block-heading\" style=\"font-size:28px\">O que pesquisa?<\/h2>\n\n\n\n<p>Esta linha de pesquisa procura discutir aspectos educacionais da juventude relacionados aos campos de g\u00eanero, feminismo e sexualidade, e como est\u00e3o refletidas nas pr\u00e1ticas pedag\u00f3gicas, forma\u00e7\u00e3o de professores e ambientes educativos n\u00e3o formais.<\/p>\n\n\n\n<h2 class=\"wp-block-heading has-text-align-center has-medium-font-size\"><strong>Coordenadora de linha:<\/strong><\/h2>\n\n\n\n<figure class=\"wp-block-image aligncenter size-full is-resized is-style-rounded\"><a href=\"http:\/\/lattes.cnpq.br\/6941089571024585\"><img loading=\"lazy\" decoding=\"async\" width=\"634\" height=\"624\" src=\"https:\/\/ccse.uepa.br\/dfcs\/jeds\/wp-content\/uploads\/2025\/06\/lucelia-bassalo.png\" alt=\"\" class=\"wp-image-490\" style=\"width:200px\" srcset=\"https:\/\/ccse.uepa.br\/dfcs\/jeds\/wp-content\/uploads\/2025\/06\/lucelia-bassalo.png 634w, https:\/\/ccse.uepa.br\/dfcs\/jeds\/wp-content\/uploads\/2025\/06\/lucelia-bassalo-300x295.png 300w\" sizes=\"auto, (max-width: 634px) 100vw, 634px\" \/><\/a><figcaption class=\"wp-element-caption\"><a href=\"http:\/\/lattes.cnpq.br\/6941089571024585\" data-type=\"link\" data-id=\"http:\/\/lattes.cnpq.br\/6941089571024585\">Luc\u00e9lia Bassalo<\/a><\/figcaption><\/figure>\n\n\n\n<h2 class=\"wp-block-heading has-text-align-center has-medium-font-size\">Participantes<\/h2>\n\n\n\n<div class=\"wp-block-columns is-layout-flex wp-container-core-columns-is-layout-1 wp-block-columns-is-layout-flex\">\n<div class=\"wp-block-column is-layout-flow wp-block-column-is-layout-flow\" style=\"flex-basis:33.34%\">\n<figure class=\"wp-block-image aligncenter size-full is-resized is-style-rounded\"><a href=\"http:\/\/lattes.cnpq.br\/0614261853983996\"><img loading=\"lazy\" decoding=\"async\" width=\"421\" height=\"421\" src=\"https:\/\/ccse.uepa.br\/dfcs\/jeds\/wp-content\/uploads\/2025\/06\/ana-daniele-edited.jpg\" alt=\"\" class=\"wp-image-487\" style=\"width:200px\" srcset=\"https:\/\/ccse.uepa.br\/dfcs\/jeds\/wp-content\/uploads\/2025\/06\/ana-daniele-edited.jpg 421w, https:\/\/ccse.uepa.br\/dfcs\/jeds\/wp-content\/uploads\/2025\/06\/ana-daniele-edited-300x300.jpg 300w, https:\/\/ccse.uepa.br\/dfcs\/jeds\/wp-content\/uploads\/2025\/06\/ana-daniele-edited-150x150.jpg 150w\" sizes=\"auto, (max-width: 421px) 100vw, 421px\" \/><\/a><figcaption class=\"wp-element-caption\"><a href=\"http:\/\/lattes.cnpq.br\/0614261853983996\">Ana Daniele Carrera<\/a><\/figcaption><\/figure>\n<\/div>\n\n\n\n<div class=\"wp-block-column is-layout-flow wp-block-column-is-layout-flow\" style=\"flex-basis:33.33%\">\n<figure class=\"wp-block-image aligncenter size-full is-resized is-style-rounded\"><a href=\"http:\/\/lattes.cnpq.br\/9694016951233660\"><img loading=\"lazy\" decoding=\"async\" width=\"383\" height=\"383\" src=\"https:\/\/ccse.uepa.br\/dfcs\/jeds\/wp-content\/uploads\/2025\/06\/jesyan-edited.jpg\" alt=\"\" class=\"wp-image-486\" style=\"width:200px\" srcset=\"https:\/\/ccse.uepa.br\/dfcs\/jeds\/wp-content\/uploads\/2025\/06\/jesyan-edited.jpg 383w, https:\/\/ccse.uepa.br\/dfcs\/jeds\/wp-content\/uploads\/2025\/06\/jesyan-edited-300x300.jpg 300w, https:\/\/ccse.uepa.br\/dfcs\/jeds\/wp-content\/uploads\/2025\/06\/jesyan-edited-150x150.jpg 150w\" sizes=\"auto, (max-width: 383px) 100vw, 383px\" \/><\/a><figcaption class=\"wp-element-caption\"><a href=\"http:\/\/lattes.cnpq.br\/9694016951233660\">Jesyan Guimar\u00e3es<\/a><\/figcaption><\/figure>\n<\/div>\n\n\n\n<div class=\"wp-block-column is-layout-flow wp-block-column-is-layout-flow\" style=\"flex-basis:33.33%\">\n<figure class=\"wp-block-image aligncenter size-large is-resized is-style-rounded\"><a href=\"http:\/\/lattes.cnpq.br\/1315688602818108\"><img loading=\"lazy\" decoding=\"async\" width=\"772\" height=\"772\" src=\"https:\/\/ccse.uepa.br\/dfcs\/jeds\/wp-content\/uploads\/2025\/06\/kaleo-edited.jpg\" alt=\"\" class=\"wp-image-488\" style=\"width:200px\" srcset=\"https:\/\/ccse.uepa.br\/dfcs\/jeds\/wp-content\/uploads\/2025\/06\/kaleo-edited.jpg 772w, https:\/\/ccse.uepa.br\/dfcs\/jeds\/wp-content\/uploads\/2025\/06\/kaleo-edited-300x300.jpg 300w, https:\/\/ccse.uepa.br\/dfcs\/jeds\/wp-content\/uploads\/2025\/06\/kaleo-edited-150x150.jpg 150w, https:\/\/ccse.uepa.br\/dfcs\/jeds\/wp-content\/uploads\/2025\/06\/kaleo-edited-768x768.jpg 768w\" sizes=\"auto, (max-width: 772px) 100vw, 772px\" \/><\/a><figcaption class=\"wp-element-caption\"><a href=\"http:\/\/lattes.cnpq.br\/1315688602818108\">Kaleo Mendes<\/a><\/figcaption><\/figure>\n<\/div>\n<\/div>\n\n\n\n<div class=\"wp-block-columns is-layout-flex wp-container-core-columns-is-layout-2 wp-block-columns-is-layout-flex\">\n<div class=\"wp-block-column is-layout-flow wp-block-column-is-layout-flow\" style=\"flex-basis:33.34%\">\n<figure class=\"wp-block-image aligncenter size-full is-resized is-style-rounded\"><a href=\"http:\/\/lattes.cnpq.br\/5409926620081132\"><img loading=\"lazy\" decoding=\"async\" width=\"200\" height=\"200\" src=\"https:\/\/ccse.uepa.br\/dfcs\/jeds\/wp-content\/uploads\/2025\/06\/lia.jpg\" alt=\"\" class=\"wp-image-419\" style=\"width:200px\" srcset=\"https:\/\/ccse.uepa.br\/dfcs\/jeds\/wp-content\/uploads\/2025\/06\/lia.jpg 200w, https:\/\/ccse.uepa.br\/dfcs\/jeds\/wp-content\/uploads\/2025\/06\/lia-150x150.jpg 150w\" sizes=\"auto, (max-width: 200px) 100vw, 200px\" \/><\/a><figcaption class=\"wp-element-caption\"><a href=\"http:\/\/lattes.cnpq.br\/5409926620081132\">Mar\u00edlia Seabra<\/a><\/figcaption><\/figure>\n<\/div>\n\n\n\n<div class=\"wp-block-column is-layout-flow wp-block-column-is-layout-flow\" style=\"flex-basis:33.34%\">\n<figure class=\"wp-block-image aligncenter size-full is-resized is-style-rounded\"><a href=\"http:\/\/lattes.cnpq.br\/8002512060720988\"><img loading=\"lazy\" decoding=\"async\" width=\"470\" height=\"403\" src=\"https:\/\/ccse.uepa.br\/dfcs\/jeds\/wp-content\/uploads\/2025\/06\/matheus.jpg\" alt=\"\" class=\"wp-image-420\" style=\"aspect-ratio:1;object-fit:cover;width:200px\" srcset=\"https:\/\/ccse.uepa.br\/dfcs\/jeds\/wp-content\/uploads\/2025\/06\/matheus.jpg 470w, https:\/\/ccse.uepa.br\/dfcs\/jeds\/wp-content\/uploads\/2025\/06\/matheus-300x257.jpg 300w\" sizes=\"auto, (max-width: 470px) 100vw, 470px\" \/><\/a><figcaption class=\"wp-element-caption\"><a href=\"http:\/\/lattes.cnpq.br\/8002512060720988\">Matheus Oliveira<\/a><\/figcaption><\/figure>\n<\/div>\n\n\n\n<div class=\"wp-block-column is-layout-flow wp-block-column-is-layout-flow\" style=\"flex-basis:33.33%\">\n<figure class=\"wp-block-image aligncenter size-full is-resized is-style-rounded\"><img loading=\"lazy\" decoding=\"async\" width=\"560\" height=\"440\" src=\"https:\/\/ccse.uepa.br\/dfcs\/jeds\/wp-content\/uploads\/2025\/10\/Captura-de-tela-2025-10-01-155154.png\" alt=\"\" class=\"wp-image-625\" style=\"aspect-ratio:1;object-fit:cover;width:200px\" srcset=\"https:\/\/ccse.uepa.br\/dfcs\/jeds\/wp-content\/uploads\/2025\/10\/Captura-de-tela-2025-10-01-155154.png 560w, https:\/\/ccse.uepa.br\/dfcs\/jeds\/wp-content\/uploads\/2025\/10\/Captura-de-tela-2025-10-01-155154-300x236.png 300w\" sizes=\"auto, (max-width: 560px) 100vw, 560px\" \/><figcaption class=\"wp-element-caption\"><a href=\"http:\/\/lattes.cnpq.br\/1282382230299942\" data-type=\"link\" data-id=\"http:\/\/lattes.cnpq.br\/1282382230299942\">Jonas Ravi Machado<\/a><\/figcaption><\/figure>\n<\/div>\n<\/div>\n\n\n\n<div class=\"wp-block-columns is-layout-flex wp-container-core-columns-is-layout-3 wp-block-columns-is-layout-flex\">\n<div class=\"wp-block-column is-layout-flow wp-block-column-is-layout-flow\">\n<figure class=\"wp-block-image aligncenter size-large is-resized is-style-rounded\"><img loading=\"lazy\" decoding=\"async\" width=\"576\" height=\"1024\" src=\"https:\/\/ccse.uepa.br\/dfcs\/jeds\/wp-content\/uploads\/2025\/10\/IMG-20250404-WA0005-576x1024.jpg\" alt=\"\" class=\"wp-image-626\" style=\"aspect-ratio:1;object-fit:cover;width:200px\" srcset=\"https:\/\/ccse.uepa.br\/dfcs\/jeds\/wp-content\/uploads\/2025\/10\/IMG-20250404-WA0005-576x1024.jpg 576w, https:\/\/ccse.uepa.br\/dfcs\/jeds\/wp-content\/uploads\/2025\/10\/IMG-20250404-WA0005-169x300.jpg 169w, https:\/\/ccse.uepa.br\/dfcs\/jeds\/wp-content\/uploads\/2025\/10\/IMG-20250404-WA0005-768x1365.jpg 768w, https:\/\/ccse.uepa.br\/dfcs\/jeds\/wp-content\/uploads\/2025\/10\/IMG-20250404-WA0005-864x1536.jpg 864w, https:\/\/ccse.uepa.br\/dfcs\/jeds\/wp-content\/uploads\/2025\/10\/IMG-20250404-WA0005-1152x2048.jpg 1152w, https:\/\/ccse.uepa.br\/dfcs\/jeds\/wp-content\/uploads\/2025\/10\/IMG-20250404-WA0005-scaled.jpg 1440w\" sizes=\"auto, (max-width: 576px) 100vw, 576px\" \/><figcaption class=\"wp-element-caption\"><a href=\"http:\/\/lattes.cnpq.br\/1774539043940936\">Luana Sena<\/a><\/figcaption><\/figure>\n<\/div>\n\n\n\n<div class=\"wp-block-column is-layout-flow wp-block-column-is-layout-flow\">\n<figure class=\"wp-block-image aligncenter size-large is-resized is-style-rounded\"><img loading=\"lazy\" decoding=\"async\" width=\"819\" height=\"1024\" src=\"https:\/\/ccse.uepa.br\/dfcs\/jeds\/wp-content\/uploads\/2025\/10\/3_20251001_160909_0000-819x1024.png\" alt=\"\" class=\"wp-image-628\" style=\"aspect-ratio:1;object-fit:cover;width:200px\" srcset=\"https:\/\/ccse.uepa.br\/dfcs\/jeds\/wp-content\/uploads\/2025\/10\/3_20251001_160909_0000-819x1024.png 819w, https:\/\/ccse.uepa.br\/dfcs\/jeds\/wp-content\/uploads\/2025\/10\/3_20251001_160909_0000-240x300.png 240w, https:\/\/ccse.uepa.br\/dfcs\/jeds\/wp-content\/uploads\/2025\/10\/3_20251001_160909_0000-768x960.png 768w, https:\/\/ccse.uepa.br\/dfcs\/jeds\/wp-content\/uploads\/2025\/10\/3_20251001_160909_0000.png 1080w\" sizes=\"auto, (max-width: 819px) 100vw, 819px\" \/><figcaption class=\"wp-element-caption\"><a href=\"http:\/\/lattes.cnpq.br\/0471931013026036\">Jo\u00e3o Victor Monteiro<\/a><\/figcaption><\/figure>\n<\/div>\n\n\n\n<div class=\"wp-block-column is-layout-flow wp-block-column-is-layout-flow\">\n<figure class=\"wp-block-image aligncenter size-large is-resized is-style-rounded\"><img loading=\"lazy\" decoding=\"async\" width=\"819\" height=\"1024\" src=\"https:\/\/ccse.uepa.br\/dfcs\/jeds\/wp-content\/uploads\/2025\/10\/4_20251001_160909_0001-1-819x1024.png\" alt=\"\" class=\"wp-image-629\" style=\"aspect-ratio:1;object-fit:cover;width:200px\" srcset=\"https:\/\/ccse.uepa.br\/dfcs\/jeds\/wp-content\/uploads\/2025\/10\/4_20251001_160909_0001-1-819x1024.png 819w, https:\/\/ccse.uepa.br\/dfcs\/jeds\/wp-content\/uploads\/2025\/10\/4_20251001_160909_0001-1-240x300.png 240w, https:\/\/ccse.uepa.br\/dfcs\/jeds\/wp-content\/uploads\/2025\/10\/4_20251001_160909_0001-1-768x960.png 768w, https:\/\/ccse.uepa.br\/dfcs\/jeds\/wp-content\/uploads\/2025\/10\/4_20251001_160909_0001-1.png 1080w\" sizes=\"auto, (max-width: 819px) 100vw, 819px\" \/><figcaption class=\"wp-element-caption\"><a href=\"http:\/\/lattes.cnpq.br\/0826775119177850\">Vin\u00edcius Monteiro<\/a><\/figcaption><\/figure>\n<\/div>\n<\/div>\n","protected":false},"excerpt":{"rendered":"<p>O que pesquisa? Esta linha de pesquisa procura discutir aspectos educacionais da juventude relacionados aos campos de g\u00eanero, feminismo e sexualidade, e como est\u00e3o refletidas nas pr\u00e1ticas pedag\u00f3gicas, forma\u00e7\u00e3o de professores e ambientes educativos n\u00e3o formais. Coordenadora de linha: Participantes<\/p>\n","protected":false},"author":1,"featured_media":0,"parent":0,"menu_order":0,"comment_status":"closed","ping_status":"closed","template":"","meta":{"_uag_custom_page_level_css":"","site-sidebar-layout":"default","site-content-layout":"","ast-site-content-layout":"","site-content-style":"default","site-sidebar-style":"default","ast-global-header-display":"","ast-banner-title-visibility":"","ast-main-header-display":"","ast-hfb-above-header-display":"","ast-hfb-below-header-display":"","ast-hfb-mobile-header-display":"","site-post-title":"","ast-breadcrumbs-content":"","ast-featured-img":"","footer-sml-layout":"","theme-transparent-header-meta":"","adv-header-id-meta":"","stick-header-meta":"","header-above-stick-meta":"","header-main-stick-meta":"","header-below-stick-meta":"","astra-migrate-meta-layouts":"","ast-page-background-enabled":"default","ast-page-background-meta":{"desktop":{"background-color":"var(--ast-global-color-4)","background-image":"","background-repeat":"repeat","background-position":"center center","background-size":"auto","background-attachment":"scroll","background-type":"","background-media":"","overlay-type":"","overlay-color":"","overlay-gradient":""},"tablet":{"background-color":"","background-image":"","background-repeat":"repeat","background-position":"center center","background-size":"auto","background-attachment":"scroll","background-type":"","background-media":"","overlay-type":"","overlay-color":"","overlay-gradient":""},"mobile":{"background-color":"","background-image":"","background-repeat":"repeat","background-position":"center center","background-size":"auto","background-attachment":"scroll","background-type":"","background-media":"","overlay-type":"","overlay-color":"","overlay-gradient":""}},"ast-content-background-meta":{"desktop":{"background-color":"var(--ast-global-color-5)","background-image":"","background-repeat":"repeat","background-position":"center center","background-size":"auto","background-attachment":"scroll","background-type":"","background-media":"","overlay-type":"","overlay-color":"","overlay-gradient":""},"tablet":{"background-color":"var(--ast-global-color-5)","background-image":"","background-repeat":"repeat","background-position":"center center","background-size":"auto","background-attachment":"scroll","background-type":"","background-media":"","overlay-type":"","overlay-color":"","overlay-gradient":""},"mobile":{"background-color":"var(--ast-global-color-5)","background-image":"","background-repeat":"repeat","background-position":"center center","background-size":"auto","background-attachment":"scroll","background-type":"","background-media":"","overlay-type":"","overlay-color":"","overlay-gradient":""}},"footnotes":""},"class_list":["post-393","page","type-page","status-publish","hentry"],"uagb_featured_image_src":{"full":false,"thumbnail":false,"medium":false,"medium_large":false,"large":false,"1536x1536":false,"2048x2048":false},"uagb_author_info":{"display_name":"adminsites@uepa.br","author_link":"https:\/\/ccse.uepa.br\/dfcs\/jeds\/author\/adminsitesuepa-br\/"},"uagb_comment_info":0,"uagb_excerpt":"O que pesquisa? Esta linha de pesquisa procura discutir aspectos educacionais da juventude relacionados aos campos de g\u00eanero, feminismo e sexualidade, e como est\u00e3o refletidas nas pr\u00e1ticas pedag\u00f3gicas, forma\u00e7\u00e3o de professores e ambientes educativos n\u00e3o formais. Coordenadora de linha: Participantes","_links":{"self":[{"href":"https:\/\/ccse.uepa.br\/dfcs\/jeds\/wp-json\/wp\/v2\/pages\/393","targetHints":{"allow":["GET"]}}],"collection":[{"href":"https:\/\/ccse.uepa.br\/dfcs\/jeds\/wp-json\/wp\/v2\/pages"}],"about":[{"href":"https:\/\/ccse.uepa.br\/dfcs\/jeds\/wp-json\/wp\/v2\/types\/page"}],"author":[{"embeddable":true,"href":"https:\/\/ccse.uepa.br\/dfcs\/jeds\/wp-json\/wp\/v2\/users\/1"}],"replies":[{"embeddable":true,"href":"https:\/\/ccse.uepa.br\/dfcs\/jeds\/wp-json\/wp\/v2\/comments?post=393"}],"version-history":[{"count":11,"href":"https:\/\/ccse.uepa.br\/dfcs\/jeds\/wp-json\/wp\/v2\/pages\/393\/revisions"}],"predecessor-version":[{"id":714,"href":"https:\/\/ccse.uepa.br\/dfcs\/jeds\/wp-json\/wp\/v2\/pages\/393\/revisions\/714"}],"wp:attachment":[{"href":"https:\/\/ccse.uepa.br\/dfcs\/jeds\/wp-json\/wp\/v2\/media?parent=393"}],"curies":[{"name":"wp","href":"https:\/\/api.w.org\/{rel}","templated":true}]}}