{"id":397,"date":"2025-05-27T14:51:08","date_gmt":"2025-05-27T17:51:08","guid":{"rendered":"https:\/\/ccse.uepa.br\/dfcs\/jeds\/?page_id=397"},"modified":"2025-10-01T15:47:01","modified_gmt":"2025-10-01T18:47:01","slug":"juventudes-processos-educativos-e-justica-restaurativa","status":"publish","type":"page","link":"https:\/\/ccse.uepa.br\/dfcs\/jeds\/juventudes-processos-educativos-e-justica-restaurativa\/","title":{"rendered":"Juventudes, processos educativos e Justi\u00e7a restaurativa"},"content":{"rendered":"\n<h2 class=\"wp-block-heading\" style=\"font-size:28px\">O que pesquisa?<\/h2>\n\n\n\n<p>Esta linha procurar reunir investiga\u00e7\u00f5es acerca das rela\u00e7\u00f5es entre juventude, processos educativos e justi\u00e7a restaurativa em ambientes escolares e n\u00e3o escolares; aspectos hist\u00f3ricos das gera\u00e7\u00f5es juvenis.<\/p>\n\n\n\n<h2 class=\"wp-block-heading has-text-align-center has-medium-font-size\">Coordenadora de linha<\/h2>\n\n\n\n<figure class=\"wp-block-image aligncenter size-full is-resized is-style-rounded\"><a href=\"http:\/\/lattes.cnpq.br\/0340162989320816\"><img loading=\"lazy\" decoding=\"async\" width=\"729\" height=\"639\" src=\"https:\/\/ccse.uepa.br\/dfcs\/jeds\/wp-content\/uploads\/2025\/06\/ceila.jpg\" alt=\"\" class=\"wp-image-432\" style=\"aspect-ratio:1;object-fit:cover;width:200px\" srcset=\"https:\/\/ccse.uepa.br\/dfcs\/jeds\/wp-content\/uploads\/2025\/06\/ceila.jpg 729w, https:\/\/ccse.uepa.br\/dfcs\/jeds\/wp-content\/uploads\/2025\/06\/ceila-300x263.jpg 300w\" sizes=\"auto, (max-width: 729px) 100vw, 729px\" \/><\/a><figcaption class=\"wp-element-caption\"><a href=\"http:\/\/lattes.cnpq.br\/0340162989320816\">Ceila Moraes<\/a><\/figcaption><\/figure>\n\n\n\n<h2 class=\"wp-block-heading has-text-align-center has-medium-font-size\">Participantes<\/h2>\n\n\n\n<div class=\"wp-block-columns is-layout-flex wp-container-core-columns-is-layout-1 wp-block-columns-is-layout-flex\">\n<div class=\"wp-block-column is-layout-flow wp-block-column-is-layout-flow\" style=\"flex-basis:33.34%\">\n<figure class=\"wp-block-image aligncenter size-large is-resized is-style-rounded\"><img decoding=\"async\" src=\"https:\/\/ccse.uepa.br\/dfcs\/jeds\/wp-content\/uploads\/2025\/10\/Imagem-do-WhatsApp-de-2025-09-24-as-09.39.08_12c89a5b.jpg\" alt=\"\" style=\"aspect-ratio:1;object-fit:cover;width:197px;height:auto\"\/><figcaption class=\"wp-element-caption\"><a href=\"http:\/\/lattes.cnpq.br\/5547789633554999\" data-type=\"link\" data-id=\"http:\/\/lattes.cnpq.br\/5547789633554999\">Gilberto Ubiratan<\/a><\/figcaption><\/figure>\n<\/div>\n\n\n\n<div class=\"wp-block-column is-layout-flow wp-block-column-is-layout-flow\" style=\"flex-basis:33.33%\">\n<figure class=\"wp-block-image aligncenter size-large is-resized is-style-rounded\"><img decoding=\"async\" src=\"https:\/\/ccse.uepa.br\/dfcs\/jeds\/wp-content\/uploads\/2025\/10\/Imagem-do-WhatsApp-de-2025-09-24-as-19.06.20_b6d4fa37-867x1024.jpg\" alt=\"\" style=\"aspect-ratio:1;object-fit:cover;width:205px;height:auto\"\/><figcaption class=\"wp-element-caption\"><a href=\"http:\/\/lattes.cnpq.br\/4882105640992723\" data-type=\"link\" data-id=\"http:\/\/lattes.cnpq.br\/4882105640992723\">Wilmara Brasil<\/a><\/figcaption><\/figure>\n<\/div>\n\n\n\n<div class=\"wp-block-column is-layout-flow wp-block-column-is-layout-flow\" style=\"flex-basis:33.33%\">\n<figure class=\"wp-block-image aligncenter size-large is-resized is-style-rounded\"><img decoding=\"async\" src=\"https:\/\/ccse.uepa.br\/dfcs\/jeds\/wp-content\/uploads\/2025\/10\/Imagem-do-WhatsApp-de-2025-09-24-as-19.06.43_ae67d619-1024x574.jpg\" alt=\"\" style=\"aspect-ratio:1;object-fit:cover;width:204px;height:auto\"\/><figcaption class=\"wp-element-caption\">Larissa Freitas<\/figcaption><\/figure>\n<\/div>\n<\/div>\n\n\n\n<p><\/p>\n","protected":false},"excerpt":{"rendered":"<p>O que pesquisa? Esta linha procurar reunir investiga\u00e7\u00f5es acerca das rela\u00e7\u00f5es entre juventude, processos educativos e justi\u00e7a restaurativa em ambientes escolares e n\u00e3o escolares; aspectos hist\u00f3ricos das gera\u00e7\u00f5es juvenis. Coordenadora de linha Participantes<\/p>\n","protected":false},"author":1,"featured_media":0,"parent":0,"menu_order":0,"comment_status":"closed","ping_status":"closed","template":"","meta":{"_uag_custom_page_level_css":"","site-sidebar-layout":"default","site-content-layout":"","ast-site-content-layout":"","site-content-style":"default","site-sidebar-style":"default","ast-global-header-display":"","ast-banner-title-visibility":"","ast-main-header-display":"","ast-hfb-above-header-display":"","ast-hfb-below-header-display":"","ast-hfb-mobile-header-display":"","site-post-title":"","ast-breadcrumbs-content":"","ast-featured-img":"","footer-sml-layout":"","theme-transparent-header-meta":"","adv-header-id-meta":"","stick-header-meta":"","header-above-stick-meta":"","header-main-stick-meta":"","header-below-stick-meta":"","astra-migrate-meta-layouts":"","ast-page-background-enabled":"default","ast-page-background-meta":{"desktop":{"background-color":"var(--ast-global-color-4)","background-image":"","background-repeat":"repeat","background-position":"center center","background-size":"auto","background-attachment":"scroll","background-type":"","background-media":"","overlay-type":"","overlay-color":"","overlay-gradient":""},"tablet":{"background-color":"","background-image":"","background-repeat":"repeat","background-position":"center center","background-size":"auto","background-attachment":"scroll","background-type":"","background-media":"","overlay-type":"","overlay-color":"","overlay-gradient":""},"mobile":{"background-color":"","background-image":"","background-repeat":"repeat","background-position":"center center","background-size":"auto","background-attachment":"scroll","background-type":"","background-media":"","overlay-type":"","overlay-color":"","overlay-gradient":""}},"ast-content-background-meta":{"desktop":{"background-color":"var(--ast-global-color-5)","background-image":"","background-repeat":"repeat","background-position":"center center","background-size":"auto","background-attachment":"scroll","background-type":"","background-media":"","overlay-type":"","overlay-color":"","overlay-gradient":""},"tablet":{"background-color":"var(--ast-global-color-5)","background-image":"","background-repeat":"repeat","background-position":"center center","background-size":"auto","background-attachment":"scroll","background-type":"","background-media":"","overlay-type":"","overlay-color":"","overlay-gradient":""},"mobile":{"background-color":"var(--ast-global-color-5)","background-image":"","background-repeat":"repeat","background-position":"center center","background-size":"auto","background-attachment":"scroll","background-type":"","background-media":"","overlay-type":"","overlay-color":"","overlay-gradient":""}},"footnotes":""},"class_list":["post-397","page","type-page","status-publish","hentry"],"uagb_featured_image_src":{"full":false,"thumbnail":false,"medium":false,"medium_large":false,"large":false,"1536x1536":false,"2048x2048":false},"uagb_author_info":{"display_name":"adminsites@uepa.br","author_link":"https:\/\/ccse.uepa.br\/dfcs\/jeds\/author\/adminsitesuepa-br\/"},"uagb_comment_info":0,"uagb_excerpt":"O que pesquisa? Esta linha procurar reunir investiga\u00e7\u00f5es acerca das rela\u00e7\u00f5es entre juventude, processos educativos e justi\u00e7a restaurativa em ambientes escolares e n\u00e3o escolares; aspectos hist\u00f3ricos das gera\u00e7\u00f5es juvenis. Coordenadora de linha Participantes","_links":{"self":[{"href":"https:\/\/ccse.uepa.br\/dfcs\/jeds\/wp-json\/wp\/v2\/pages\/397","targetHints":{"allow":["GET"]}}],"collection":[{"href":"https:\/\/ccse.uepa.br\/dfcs\/jeds\/wp-json\/wp\/v2\/pages"}],"about":[{"href":"https:\/\/ccse.uepa.br\/dfcs\/jeds\/wp-json\/wp\/v2\/types\/page"}],"author":[{"embeddable":true,"href":"https:\/\/ccse.uepa.br\/dfcs\/jeds\/wp-json\/wp\/v2\/users\/1"}],"replies":[{"embeddable":true,"href":"https:\/\/ccse.uepa.br\/dfcs\/jeds\/wp-json\/wp\/v2\/comments?post=397"}],"version-history":[{"count":6,"href":"https:\/\/ccse.uepa.br\/dfcs\/jeds\/wp-json\/wp\/v2\/pages\/397\/revisions"}],"predecessor-version":[{"id":623,"href":"https:\/\/ccse.uepa.br\/dfcs\/jeds\/wp-json\/wp\/v2\/pages\/397\/revisions\/623"}],"wp:attachment":[{"href":"https:\/\/ccse.uepa.br\/dfcs\/jeds\/wp-json\/wp\/v2\/media?parent=397"}],"curies":[{"name":"wp","href":"https:\/\/api.w.org\/{rel}","templated":true}]}}