{"id":399,"date":"2025-05-27T14:51:16","date_gmt":"2025-05-27T17:51:16","guid":{"rendered":"https:\/\/ccse.uepa.br\/dfcs\/jeds\/?page_id=399"},"modified":"2025-11-19T21:39:39","modified_gmt":"2025-11-20T00:39:39","slug":"juventudes-sociabilidade-urbana-e-conexoes-digitais","status":"publish","type":"page","link":"https:\/\/ccse.uepa.br\/dfcs\/jeds\/juventudes-sociabilidade-urbana-e-conexoes-digitais\/","title":{"rendered":"Juventudes, sociabilidades m\u00faltiplas e conex\u00f5es digitais"},"content":{"rendered":"\n<h2 class=\"wp-block-heading has-medium-font-size\">O que pesquisa?<\/h2>\n\n\n\n<p>Realizar estudos que revelem modos de associa\u00e7\u00e3o e de sociabilidades, em espa\u00e7os urbanos, do campo, da floresta, das aguas e em ambientes virtuais acerca de temas emergentes e que desafiam processos educativos que est\u00e3o postos para os e as jovens enquanto sujeitos e grupos juvenis.<\/p>\n\n\n\n<h2 class=\"wp-block-heading has-text-align-center has-medium-font-size\"><strong>Coordenadora de linha<\/strong><\/h2>\n\n\n\n<figure class=\"wp-block-image aligncenter size-full is-resized is-style-rounded\"><a href=\"http:\/\/lattes.cnpq.br\/6941089571024585\"><img loading=\"lazy\" decoding=\"async\" width=\"634\" height=\"624\" src=\"https:\/\/ccse.uepa.br\/dfcs\/jeds\/wp-content\/uploads\/2025\/06\/lucelia-bassalo.png\" alt=\"\" class=\"wp-image-490\" style=\"width:200px\" srcset=\"https:\/\/ccse.uepa.br\/dfcs\/jeds\/wp-content\/uploads\/2025\/06\/lucelia-bassalo.png 634w, https:\/\/ccse.uepa.br\/dfcs\/jeds\/wp-content\/uploads\/2025\/06\/lucelia-bassalo-300x295.png 300w\" sizes=\"auto, (max-width: 634px) 100vw, 634px\" \/><\/a><figcaption class=\"wp-element-caption\"><a href=\"http:\/\/lattes.cnpq.br\/6941089571024585\">Luc\u00e9lia Bassalo<\/a><\/figcaption><\/figure>\n\n\n\n<p><\/p>\n\n\n\n<h2 class=\"wp-block-heading has-text-align-center has-medium-font-size\">Participantes<\/h2>\n\n\n\n<div class=\"wp-block-columns is-layout-flex wp-container-core-columns-is-layout-1 wp-block-columns-is-layout-flex\">\n<div class=\"wp-block-column is-layout-flow wp-block-column-is-layout-flow\" style=\"flex-basis:100%\">\n<div class=\"wp-block-uagb-container uagb-block-148c3f1b default uagb-is-root-container\">\n<div class=\"wp-block-uagb-container uagb-block-5f18f9e9\">\n<figure class=\"wp-block-image aligncenter size-full is-resized is-style-rounded\"><a href=\"http:\/\/lattes.cnpq.br\/1482996451757693\"><img loading=\"lazy\" decoding=\"async\" width=\"738\" height=\"749\" src=\"https:\/\/ccse.uepa.br\/dfcs\/jeds\/wp-content\/uploads\/2025\/06\/aldo.jpg\" alt=\"\" class=\"wp-image-425\" style=\"width:200px\" srcset=\"https:\/\/ccse.uepa.br\/dfcs\/jeds\/wp-content\/uploads\/2025\/06\/aldo.jpg 738w, https:\/\/ccse.uepa.br\/dfcs\/jeds\/wp-content\/uploads\/2025\/06\/aldo-296x300.jpg 296w\" sizes=\"auto, (max-width: 738px) 100vw, 738px\" \/><\/a><figcaption class=\"wp-element-caption\"><a href=\"http:\/\/lattes.cnpq.br\/1482996451757693\">Aldo Cativo<\/a><\/figcaption><\/figure>\n<\/div>\n\n\n\n<div class=\"wp-block-uagb-container uagb-block-0d547084\">\n<figure class=\"wp-block-image alignleft size-full is-resized is-style-rounded\"><a href=\"http:\/\/lattes.cnpq.br\/4598713932408247\"><img loading=\"lazy\" decoding=\"async\" width=\"712\" height=\"712\" src=\"https:\/\/ccse.uepa.br\/dfcs\/jeds\/wp-content\/uploads\/2025\/06\/hamanda-edited.jpg\" alt=\"\" class=\"wp-image-503\" style=\"width:200px\" srcset=\"https:\/\/ccse.uepa.br\/dfcs\/jeds\/wp-content\/uploads\/2025\/06\/hamanda-edited.jpg 712w, https:\/\/ccse.uepa.br\/dfcs\/jeds\/wp-content\/uploads\/2025\/06\/hamanda-edited-300x300.jpg 300w, https:\/\/ccse.uepa.br\/dfcs\/jeds\/wp-content\/uploads\/2025\/06\/hamanda-edited-150x150.jpg 150w\" sizes=\"auto, (max-width: 712px) 100vw, 712px\" \/><\/a><figcaption class=\"wp-element-caption\"><a href=\"http:\/\/lattes.cnpq.br\/4598713932408247\">Hamanda Pontes<\/a><\/figcaption><\/figure>\n<\/div>\n\n\n\n<div class=\"wp-block-uagb-container uagb-block-201bdbe9\">\n<figure class=\"wp-block-image alignleft size-large is-resized is-style-rounded\"><a href=\"http:\/\/lattes.cnpq.br\/4231149321426208\"><img loading=\"lazy\" decoding=\"async\" width=\"783\" height=\"783\" src=\"https:\/\/ccse.uepa.br\/dfcs\/jeds\/wp-content\/uploads\/2025\/06\/vivan-edited.png\" alt=\"\" class=\"wp-image-504\" style=\"width:200px\" srcset=\"https:\/\/ccse.uepa.br\/dfcs\/jeds\/wp-content\/uploads\/2025\/06\/vivan-edited.png 783w, https:\/\/ccse.uepa.br\/dfcs\/jeds\/wp-content\/uploads\/2025\/06\/vivan-edited-300x300.png 300w, https:\/\/ccse.uepa.br\/dfcs\/jeds\/wp-content\/uploads\/2025\/06\/vivan-edited-150x150.png 150w, https:\/\/ccse.uepa.br\/dfcs\/jeds\/wp-content\/uploads\/2025\/06\/vivan-edited-768x768.png 768w\" sizes=\"auto, (max-width: 783px) 100vw, 783px\" \/><\/a><figcaption class=\"wp-element-caption\"><a href=\"http:\/\/lattes.cnpq.br\/4231149321426208\">Vivian Divino<\/a><\/figcaption><\/figure>\n<\/div>\n<\/div>\n<\/div>\n<\/div>\n\n\n\n<div class=\"wp-block-columns is-layout-flex wp-container-core-columns-is-layout-2 wp-block-columns-is-layout-flex\">\n<div class=\"wp-block-column is-layout-flow wp-block-column-is-layout-flow\" style=\"flex-basis:100%\">\n<div class=\"wp-block-uagb-container uagb-block-ca1b1f52 default uagb-is-root-container\">\n<div class=\"wp-block-uagb-container uagb-block-336fa349\">\n<figure class=\"wp-block-image aligncenter size-full is-resized is-style-rounded\"><img decoding=\"async\" src=\"https:\/\/ccse.uepa.br\/dfcs\/jeds\/wp-content\/uploads\/2025\/06\/Imagem-do-WhatsApp-de-2025-05-26-as-09.28.41_2fb2b890-edited-1.jpg\" alt=\"\" style=\"width:200px\"\/><figcaption class=\"wp-element-caption\"><a href=\"http:\/\/lattes.cnpq.br\/4512159090919148\">Vanessa Afonso<\/a><\/figcaption><\/figure>\n<\/div>\n\n\n\n<div class=\"wp-block-uagb-container uagb-block-d4b07c61\">\n<figure class=\"wp-block-image aligncenter size-full is-resized is-style-rounded\"><img decoding=\"async\" src=\"https:\/\/ccse.uepa.br\/dfcs\/jeds\/wp-content\/uploads\/2025\/06\/angelica-edited-1024x1024.jpg\" alt=\"\" style=\"width:200px\"\/><figcaption class=\"wp-element-caption\"><a href=\"http:\/\/lattes.cnpq.br\/0953248932059335\">Ang\u00e9lica Ferreira<\/a><\/figcaption><\/figure>\n<\/div>\n\n\n\n<div class=\"wp-block-uagb-container uagb-block-723ac93b\">\n<figure class=\"wp-block-image aligncenter size-large is-resized is-style-rounded\"><img decoding=\"async\" src=\"https:\/\/ccse.uepa.br\/dfcs\/jeds\/wp-content\/uploads\/2025\/06\/maria-clara-1024x1024.jpg\" alt=\"\" style=\"width:200px\"\/><figcaption class=\"wp-element-caption\"><a href=\"http:\/\/lattes.cnpq.br\/8221919595916238\">Maria Clara Modesto<\/a><\/figcaption><\/figure>\n<\/div>\n<\/div>\n<\/div>\n<\/div>\n\n\n\n<p><\/p>\n","protected":false},"excerpt":{"rendered":"<p>O que pesquisa? Realizar estudos que revelem modos de associa\u00e7\u00e3o e de sociabilidades, em espa\u00e7os urbanos, do campo, da floresta, das aguas e em ambientes virtuais acerca de temas emergentes e que desafiam processos educativos que est\u00e3o postos para os e as jovens enquanto sujeitos e grupos juvenis. Coordenadora de linha Participantes<\/p>\n","protected":false},"author":1,"featured_media":0,"parent":0,"menu_order":0,"comment_status":"closed","ping_status":"closed","template":"","meta":{"_uag_custom_page_level_css":"","site-sidebar-layout":"default","site-content-layout":"","ast-site-content-layout":"","site-content-style":"default","site-sidebar-style":"default","ast-global-header-display":"","ast-banner-title-visibility":"","ast-main-header-display":"","ast-hfb-above-header-display":"","ast-hfb-below-header-display":"","ast-hfb-mobile-header-display":"","site-post-title":"","ast-breadcrumbs-content":"","ast-featured-img":"","footer-sml-layout":"","theme-transparent-header-meta":"","adv-header-id-meta":"","stick-header-meta":"","header-above-stick-meta":"","header-main-stick-meta":"","header-below-stick-meta":"","astra-migrate-meta-layouts":"","ast-page-background-enabled":"default","ast-page-background-meta":{"desktop":{"background-color":"var(--ast-global-color-4)","background-image":"","background-repeat":"repeat","background-position":"center center","background-size":"auto","background-attachment":"scroll","background-type":"","background-media":"","overlay-type":"","overlay-color":"","overlay-gradient":""},"tablet":{"background-color":"","background-image":"","background-repeat":"repeat","background-position":"center center","background-size":"auto","background-attachment":"scroll","background-type":"","background-media":"","overlay-type":"","overlay-color":"","overlay-gradient":""},"mobile":{"background-color":"","background-image":"","background-repeat":"repeat","background-position":"center center","background-size":"auto","background-attachment":"scroll","background-type":"","background-media":"","overlay-type":"","overlay-color":"","overlay-gradient":""}},"ast-content-background-meta":{"desktop":{"background-color":"var(--ast-global-color-5)","background-image":"","background-repeat":"repeat","background-position":"center center","background-size":"auto","background-attachment":"scroll","background-type":"","background-media":"","overlay-type":"","overlay-color":"","overlay-gradient":""},"tablet":{"background-color":"var(--ast-global-color-5)","background-image":"","background-repeat":"repeat","background-position":"center center","background-size":"auto","background-attachment":"scroll","background-type":"","background-media":"","overlay-type":"","overlay-color":"","overlay-gradient":""},"mobile":{"background-color":"var(--ast-global-color-5)","background-image":"","background-repeat":"repeat","background-position":"center center","background-size":"auto","background-attachment":"scroll","background-type":"","background-media":"","overlay-type":"","overlay-color":"","overlay-gradient":""}},"footnotes":""},"class_list":["post-399","page","type-page","status-publish","hentry"],"uagb_featured_image_src":{"full":false,"thumbnail":false,"medium":false,"medium_large":false,"large":false,"1536x1536":false,"2048x2048":false},"uagb_author_info":{"display_name":"adminsites@uepa.br","author_link":"https:\/\/ccse.uepa.br\/dfcs\/jeds\/author\/adminsitesuepa-br\/"},"uagb_comment_info":0,"uagb_excerpt":"O que pesquisa? Realizar estudos que revelem modos de associa\u00e7\u00e3o e de sociabilidades, em espa\u00e7os urbanos, do campo, da floresta, das aguas e em ambientes virtuais acerca de temas emergentes e que desafiam processos educativos que est\u00e3o postos para os e as jovens enquanto sujeitos e grupos juvenis. Coordenadora de linha Participantes","_links":{"self":[{"href":"https:\/\/ccse.uepa.br\/dfcs\/jeds\/wp-json\/wp\/v2\/pages\/399","targetHints":{"allow":["GET"]}}],"collection":[{"href":"https:\/\/ccse.uepa.br\/dfcs\/jeds\/wp-json\/wp\/v2\/pages"}],"about":[{"href":"https:\/\/ccse.uepa.br\/dfcs\/jeds\/wp-json\/wp\/v2\/types\/page"}],"author":[{"embeddable":true,"href":"https:\/\/ccse.uepa.br\/dfcs\/jeds\/wp-json\/wp\/v2\/users\/1"}],"replies":[{"embeddable":true,"href":"https:\/\/ccse.uepa.br\/dfcs\/jeds\/wp-json\/wp\/v2\/comments?post=399"}],"version-history":[{"count":12,"href":"https:\/\/ccse.uepa.br\/dfcs\/jeds\/wp-json\/wp\/v2\/pages\/399\/revisions"}],"predecessor-version":[{"id":698,"href":"https:\/\/ccse.uepa.br\/dfcs\/jeds\/wp-json\/wp\/v2\/pages\/399\/revisions\/698"}],"wp:attachment":[{"href":"https:\/\/ccse.uepa.br\/dfcs\/jeds\/wp-json\/wp\/v2\/media?parent=399"}],"curies":[{"name":"wp","href":"https:\/\/api.w.org\/{rel}","templated":true}]}}