{"id":47,"date":"2025-03-24T15:58:27","date_gmt":"2025-03-24T18:58:27","guid":{"rendered":"https:\/\/ccse.uepa.br\/dfcs\/jeds\/?page_id=47"},"modified":"2025-09-12T10:44:32","modified_gmt":"2025-09-12T13:44:32","slug":"home","status":"publish","type":"page","link":"https:\/\/ccse.uepa.br\/dfcs\/jeds\/","title":{"rendered":"Home"},"content":{"rendered":"\n<div class=\"wp-block-uagb-container uagb-block-48b5beed alignfull uagb-is-root-container\"><div class=\"uagb-container__shape uagb-container__shape-bottom uagb-container__invert\" data-negative=\"false\"><svg xmlns=\"https:\/\/www.w3.org\/2000\/svg\" viewBox=\"0 0 1000 100\" preserveAspectRatio=\"none\"><path class=\"uagb-container__shape-fill\" d=\"M0,0c0,0,0,6,0,6.7c0,18,240.2,93.6,615.2,92.6C989.8,98.5,1000,25,1000,6.7c0-0.7,0-6.7,0-6.7H0z\"><\/path><\/svg><\/div><div class=\"uagb-container-inner-blocks-wrap\">\n<div class=\"wp-block-uagb-container uagb-block-ead3797f\">\n<div class=\"inherit-container-width wp-block-group is-layout-constrained wp-block-group-is-layout-constrained\">\n<div class=\"wp-block-uagb-advanced-heading uagb-block-e41d20aa\"><h2 class=\"uagb-heading-text\">Grupo de Pesquisa sobre Juventude, Educa\u00e7\u00e3o, G\u00eanero, Sexualidade e Sociabilidades<\/h2><\/div>\n\n\n\n<div class=\"wp-block-uagb-advanced-heading uagb-block-bd6bf1bd justify\"><p class=\"uagb-heading-text\">O Grupo de Pesquisa sobre Juventude, Educa\u00e7\u00e3o, G\u00eanero, Sexualidade e Sociabilidades (JEDS) dedica-se a promover estudos e debates interdisciplinares que visam compreender e intervir as complexas rela\u00e7\u00f5es humanas.<\/p><\/div>\n\n\n\n<div class=\"wp-block-uagb-buttons uagb-buttons__outer-wrap uagb-btn__default-btn uagb-btn-tablet__default-btn uagb-btn-mobile__default-btn uagb-block-6d11cd83\"><div class=\"uagb-buttons__wrap uagb-buttons-layout-wrap \">\n<div class=\"wp-block-uagb-buttons-child uagb-buttons__outer-wrap uagb-block-0cfe6198 wp-block-button\"><div class=\"uagb-button__wrapper\"><a class=\"uagb-buttons-repeater wp-block-button__link\" aria-label=\"\" href=\"https:\/\/petsaude.uepa.br\/sobre\/\" rel=\"follow noopener\" target=\"_self\" role=\"button\"><div class=\"uagb-button__link\">Veja mais<\/div><\/a><\/div><\/div>\n<\/div><\/div>\n<\/div>\n\n\n\n<div class=\"inherit-container-width wp-block-group is-content-justification-left is-layout-constrained wp-container-core-group-is-layout-2 wp-block-group-is-layout-constrained\">\n<div class=\"wp-block-uagb-image alignleft uagb-block-c9bde2ca wp-block-uagb-image--layout-default wp-block-uagb-image--effect-static wp-block-uagb-image--align-left\"><figure class=\"wp-block-uagb-image__figure\"><img decoding=\"async\"  sizes=\"auto, (max-width: 480px) 150px\" src=\"https:\/\/dspd.uepa.br\/wp-content\/uploads\/2022\/12\/logo-uepa-branca_Prancheta-1-1024x724.png\" alt=\"\" width=\"196\" height=\"119\" title=\"\" loading=\"lazy\" role=\"img\"\/><\/figure><\/div>\n<\/div>\n<\/div>\n\n\n\n<div class=\"wp-block-uagb-container uagb-block-f68d267d\"><form role=\"search\" method=\"get\" action=\"https:\/\/ccse.uepa.br\/dfcs\/jeds\/\" class=\"wp-block-search__button-outside wp-block-search__text-button wp-block-search\"    ><label class=\"wp-block-search__label screen-reader-text\" for=\"wp-block-search__input-1\" >Pesquisar<\/label><div class=\"wp-block-search__inside-wrapper \" ><input class=\"wp-block-search__input\" id=\"wp-block-search__input-1\" placeholder=\"\" value=\"\" type=\"search\" name=\"s\" required \/><button aria-label=\"Pesquisar\" class=\"wp-block-search__button has-text-color has-ast-global-color-5-color has-background has-vivid-purple-background-color wp-element-button\" type=\"submit\" >Pesquisar<\/button><\/div><\/form><\/div>\n<\/div><\/div>\n\n\n\n<div data-aos= \"fade-up\" data-aos-duration=\"400\" data-aos-delay=\"0\" data-aos-easing=\"ease\" data-aos-once=\"true\" id=\"itens\" class=\"wp-block-uagb-container uagb-block-0a32bc3c alignfull uagb-is-root-container\"><div class=\"uagb-container-inner-blocks-wrap\">\n<div class=\"wp-block-uagb-container uagb-block-b74c4653 alignfull uagb-is-root-container\"><div class=\"uagb-container-inner-blocks-wrap\">\n<div class=\"wp-block-uagb-container uagb-block-a3ea76d5\">\n<div class=\"wp-block-uagb-advanced-heading uagb-block-6523be41\"><h1 class=\"uagb-heading-text\">Not\u00edcias<\/h1><\/div>\n<\/div>\n\n\n\n<div class=\"wp-block-uagb-container uagb-block-6c4fd68a\">\n<div class=\"wp-block-uagb-buttons uagb-buttons__outer-wrap uagb-btn__default-btn uagb-btn-tablet__default-btn uagb-btn-mobile__default-btn uagb-block-6433844f\"><div class=\"uagb-buttons__wrap uagb-buttons-layout-wrap \">\n<div class=\"wp-block-uagb-buttons-child uagb-buttons__outer-wrap uagb-block-9e02f749 wp-block-button\"><div class=\"uagb-button__wrapper\"><a class=\"uagb-buttons-repeater wp-block-button__link\" aria-label=\"\" href=\"https:\/\/ccse.uepa.br\/dfcs\/jeds\/noticias\/\" rel=\"follow noopener\" target=\"_self\" role=\"button\"><div class=\"uagb-button__link\">Ver mais<\/div><\/a><\/div><\/div>\n<\/div><\/div>\n<\/div>\n<\/div><\/div>\n\n\n\n\t\t\t<div class=\"wp-block-uagb-post-carousel uagb-post-grid  uagb-post__image-position-top uagb-post__image-enabled uagb-block-e0b83d19     uagb-post__arrow-outside uagb-slick-carousel uagb-post__items uagb-post__columns-1 is-carousel uagb-post__columns-tablet-2 uagb-post__columns-mobile-1\" data-total=\"1\" style=\"\">\n\n\t\t\t\t\t\t\t\t\t\t\t\t<article class=\"uagb-post__inner-wrap\">\t\t\t\t\t\t\t\t<h4 class=\"uagb-post__title uagb-post__text\">\n\t\t\t\t<a href=\"https:\/\/ccse.uepa.br\/dfcs\/jeds\/2025\/08\/06\/noticias\/\" target=\"_self\" rel=\"bookmark noopener noreferrer\">SEMESTRE 2025.2<\/a>\n\t\t\t<\/h4>\n\t\t\t\t\t\t<div class='uagb-post__text uagb-post-grid-byline'>\n\t\t\t\t\t\t\t\t<time datetime=\"2025-08-06T12:33:22-03:00\" class=\"uagb-post__date\">\n\t\t\t\t<span class=\"dashicons-calendar dashicons\"><\/span>\t\t\t\t\t6 de agosto de 2025\t\t\t\t<\/time>\n\t\t\t\t\t\t<\/div>\n\t\t\t\t\t\t\t<div class='uagb-post__text uagb-post__excerpt'>\n\t\t\t\t\t<p>Cronograma 2025.2 06\/08: Reuni\u00e3o Ampliada 12\/08: Roda de Conversa: Educa\u00e7\u00e3o da Sexualidade na Argentina e&#8230;\t\t\t\t<\/div>\n\t\t\t\t\t\t<div class=\"uagb-post__text uagb-post__cta wp-block-button\">\n\t\t\t\t<a class=\"wp-block-button__link uagb-text-link\" style=\"\" href=\"https:\/\/ccse.uepa.br\/dfcs\/jeds\/2025\/08\/06\/noticias\/\" target=\"_self\" rel=\"bookmark noopener noreferrer\">Ler mais<\/a>\n\t\t\t<\/div>\n\t\t\t\n\t\t\t\t\t\t\t\t\t<\/article>\n\t\t\t\t\t\t\t\t\t\t\t\t\t\t\t\t<article class=\"uagb-post__inner-wrap\">\t\t\t\t\t\t\t\t<h4 class=\"uagb-post__title uagb-post__text\">\n\t\t\t\t<a href=\"https:\/\/ccse.uepa.br\/dfcs\/jeds\/2025\/05\/26\/ola-mundo\/\" target=\"_self\" rel=\"bookmark noopener noreferrer\">Reposit\u00f3rio de produ\u00e7\u00f5es do JEDS<\/a>\n\t\t\t<\/h4>\n\t\t\t\t\t\t<div class='uagb-post__text uagb-post-grid-byline'>\n\t\t\t\t\t\t\t\t<time datetime=\"2025-05-26T18:43:41-03:00\" class=\"uagb-post__date\">\n\t\t\t\t<span class=\"dashicons-calendar dashicons\"><\/span>\t\t\t\t\t26 de maio de 2025\t\t\t\t<\/time>\n\t\t\t\t\t\t<\/div>\n\t\t\t\t\t\t\t<div class='uagb-post__text uagb-post__excerpt'>\n\t\t\t\t\t<p>Ol\u00e1! Convidamos todos e todas as pesquisadoras que j\u00e1 passaram pelo JEDS para nos ajudar&#8230;\t\t\t\t<\/div>\n\t\t\t\t\t\t<div class=\"uagb-post__text uagb-post__cta wp-block-button\">\n\t\t\t\t<a class=\"wp-block-button__link uagb-text-link\" style=\"\" href=\"https:\/\/ccse.uepa.br\/dfcs\/jeds\/2025\/05\/26\/ola-mundo\/\" target=\"_self\" rel=\"bookmark noopener noreferrer\">Ler mais<\/a>\n\t\t\t<\/div>\n\t\t\t\n\t\t\t\t\t\t\t\t\t<\/article>\n\t\t\t\t\t\t\t\t\t\t\t<\/div>\n\t\t\t<\/div><\/div>\n\n\n\n<div data-aos= \"fade-up\" data-aos-duration=\"400\" data-aos-delay=\"0\" data-aos-easing=\"ease\" data-aos-once=\"true\" class=\"wp-block-uagb-container uagb-block-4e5b41fa alignfull uagb-is-root-container\"><div class=\"uagb-container__shape uagb-container__shape-bottom uagb-container__invert\" data-negative=\"false\"><svg xmlns=\"https:\/\/www.w3.org\/2000\/svg\" viewBox=\"0 0 1000 100\" preserveAspectRatio=\"none\"><path class=\"uagb-container__shape-fill\" d=\"M0,0c0,0,0,6,0,6.7c0,18,240.2,93.6,615.2,92.6C989.8,98.5,1000,25,1000,6.7c0-0.7,0-6.7,0-6.7H0z\"><\/path><\/svg><\/div><div class=\"uagb-container-inner-blocks-wrap\">\n<div class=\"wp-block-uagb-advanced-heading uagb-block-134303ef\"><h2 class=\"uagb-heading-text\">Acesso R\u00e1pido<\/h2><div class=\"uagb-separator\"><\/div><\/div>\n\n\n\n<div class=\"wp-block-uagb-container uagb-block-2fa68a8f alignfull uagb-is-root-container\"><div class=\"uagb-container-inner-blocks-wrap\">\n<div class=\"wp-block-uagb-container uagb-block-87ab06f8 alignfull uagb-is-root-container\"><div class=\"uagb-container-inner-blocks-wrap\">\n<div class=\"wp-block-uagb-container uagb-block-aa682e2f\">\n<div class=\"wp-block-uagb-image aligncenter uagb-block-65e1b1c1 wp-block-uagb-image--layout-overlay wp-block-uagb-image--effect-static wp-block-uagb-image--align-center\"><figure class=\"wp-block-uagb-image__figure\"><a class=\"\" href=\"#\" target=\"\" rel=\"noopener\"><img decoding=\"async\" srcset=\"https:\/\/ccse.uepa.br\/dfcs\/jeds\/wp-content\/uploads\/2025\/03\/pexels-photo-1106468-1106468-scaled.jpg ,https:\/\/ccse.uepa.br\/dfcs\/jeds\/wp-content\/uploads\/2025\/03\/pexels-photo-1106468-1106468-scaled.jpg 780w, https:\/\/ccse.uepa.br\/dfcs\/jeds\/wp-content\/uploads\/2025\/03\/pexels-photo-1106468-1106468-scaled.jpg 360w\" sizes=\"auto, (max-width: 480px) 150px\" src=\"https:\/\/ccse.uepa.br\/dfcs\/jeds\/wp-content\/uploads\/2025\/03\/pexels-photo-1106468-1106468-scaled.jpg\" alt=\"Woman browsing books at a library in Nagano, Japan. Explore knowledge and literature.\" class=\"uag-image-125\" width=\"600\" height=\"400\" title=\"pexels-photo-1106468-1106468\" loading=\"lazy\" role=\"img\"\/><\/a><div class=\"wp-block-uagb-image--layout-overlay__color-wrapper\"><\/div><div class=\"wp-block-uagb-image--layout-overlay__inner center-center\"><a class=\"wp-block-uagb-image--layout-overlay-link \" href=\"#\" target=\"\" rel=\"noopener\"><\/a><h1 class=\"uagb-image-heading\"><a href=\"https:\/\/ccse.uepa.br\/dfcs\/jeds\/memoria-do-grupo\/\">MEM\u00d3RIA DO GRUPO<\/a><\/h1><\/div><\/figure><\/div>\n<\/div>\n\n\n\n<div class=\"wp-block-uagb-container uagb-block-08e7f0ac\">\n<div class=\"wp-block-uagb-image aligncenter uagb-block-5490852c wp-block-uagb-image--layout-overlay wp-block-uagb-image--effect-static wp-block-uagb-image--align-center\"><figure class=\"wp-block-uagb-image__figure\"><a class=\"\" href=\"#\" target=\"\" rel=\"noopener\"><img decoding=\"async\" srcset=\"https:\/\/ccse.uepa.br\/dfcs\/jeds\/wp-content\/uploads\/2025\/03\/pexels-photo-210661-210661-scaled.jpg ,https:\/\/ccse.uepa.br\/dfcs\/jeds\/wp-content\/uploads\/2025\/03\/pexels-photo-210661-210661-scaled.jpg 780w, https:\/\/ccse.uepa.br\/dfcs\/jeds\/wp-content\/uploads\/2025\/03\/pexels-photo-210661-210661-scaled.jpg 360w\" sizes=\"auto, (max-width: 480px) 150px\" src=\"https:\/\/ccse.uepa.br\/dfcs\/jeds\/wp-content\/uploads\/2025\/03\/pexels-photo-210661-210661-scaled.jpg\" alt=\"Close-up of hand writing in notebook using a blue pen, focus on creativity.\" class=\"uag-image-126\" width=\"600\" height=\"400\" title=\"pexels-photo-210661-210661\" loading=\"lazy\" role=\"img\"\/><\/a><div class=\"wp-block-uagb-image--layout-overlay__color-wrapper\"><\/div><div class=\"wp-block-uagb-image--layout-overlay__inner center-center\"><a class=\"wp-block-uagb-image--layout-overlay-link \" href=\"#\" target=\"\" rel=\"noopener\"><\/a><h1 class=\"uagb-image-heading\"><a href=\"https:\/\/ccse.uepa.br\/dfcs\/jeds\/tccs\/\" data-type=\"page\" data-id=\"229\">TCCs<\/a><\/h1><\/div><\/figure><\/div>\n<\/div>\n<\/div><\/div>\n<\/div><\/div>\n<\/div><\/div>\n\n\n\n<p><\/p>\n","protected":false},"excerpt":{"rendered":"<p>Grupo de Pesquisa sobre Juventude, Educa\u00e7\u00e3o, G\u00eanero, Sexualidade e Sociabilidades O Grupo de Pesquisa sobre Juventude, Educa\u00e7\u00e3o, G\u00eanero, Sexualidade e Sociabilidades (JEDS) dedica-se a promover estudos e debates interdisciplinares que visam compreender e intervir as complexas rela\u00e7\u00f5es humanas. Not\u00edcias Acesso R\u00e1pido<\/p>\n","protected":false},"author":1,"featured_media":0,"parent":0,"menu_order":0,"comment_status":"closed","ping_status":"closed","template":"","meta":{"_uag_custom_page_level_css":"","site-sidebar-layout":"default","site-content-layout":"","ast-site-content-layout":"","site-content-style":"default","site-sidebar-style":"default","ast-global-header-display":"","ast-banner-title-visibility":"","ast-main-header-display":"","ast-hfb-above-header-display":"","ast-hfb-below-header-display":"","ast-hfb-mobile-header-display":"","site-post-title":"disabled","ast-breadcrumbs-content":"","ast-featured-img":"","footer-sml-layout":"","theme-transparent-header-meta":"enabled","adv-header-id-meta":"","stick-header-meta":"","header-above-stick-meta":"","header-main-stick-meta":"","header-below-stick-meta":"","astra-migrate-meta-layouts":"","ast-page-background-enabled":"default","ast-page-background-meta":{"desktop":{"background-color":"var(--ast-global-color-4)","background-image":"","background-repeat":"repeat","background-position":"center center","background-size":"auto","background-attachment":"scroll","background-type":"","background-media":"","overlay-type":"","overlay-color":"","overlay-gradient":""},"tablet":{"background-color":"","background-image":"","background-repeat":"repeat","background-position":"center center","background-size":"auto","background-attachment":"scroll","background-type":"","background-media":"","overlay-type":"","overlay-color":"","overlay-gradient":""},"mobile":{"background-color":"","background-image":"","background-repeat":"repeat","background-position":"center center","background-size":"auto","background-attachment":"scroll","background-type":"","background-media":"","overlay-type":"","overlay-color":"","overlay-gradient":""}},"ast-content-background-meta":{"desktop":{"background-color":"var(--ast-global-color-5)","background-image":"","background-repeat":"repeat","background-position":"center center","background-size":"auto","background-attachment":"scroll","background-type":"","background-media":"","overlay-type":"","overlay-color":"","overlay-gradient":""},"tablet":{"background-color":"var(--ast-global-color-5)","background-image":"","background-repeat":"repeat","background-position":"center center","background-size":"auto","background-attachment":"scroll","background-type":"","background-media":"","overlay-type":"","overlay-color":"","overlay-gradient":""},"mobile":{"background-color":"var(--ast-global-color-5)","background-image":"","background-repeat":"repeat","background-position":"center center","background-size":"auto","background-attachment":"scroll","background-type":"","background-media":"","overlay-type":"","overlay-color":"","overlay-gradient":""}},"footnotes":""},"class_list":["post-47","page","type-page","status-publish","hentry"],"uagb_featured_image_src":{"full":false,"thumbnail":false,"medium":false,"medium_large":false,"large":false,"1536x1536":false,"2048x2048":false},"uagb_author_info":{"display_name":"adminsites@uepa.br","author_link":"https:\/\/ccse.uepa.br\/dfcs\/jeds\/author\/adminsitesuepa-br\/"},"uagb_comment_info":0,"uagb_excerpt":"Grupo de Pesquisa sobre Juventude, Educa\u00e7\u00e3o, G\u00eanero, Sexualidade e Sociabilidades O Grupo de Pesquisa sobre Juventude, Educa\u00e7\u00e3o, G\u00eanero, Sexualidade e Sociabilidades (JEDS) dedica-se a promover estudos e debates interdisciplinares que visam compreender e intervir as complexas rela\u00e7\u00f5es humanas. Not\u00edcias Acesso R\u00e1pido","_links":{"self":[{"href":"https:\/\/ccse.uepa.br\/dfcs\/jeds\/wp-json\/wp\/v2\/pages\/47","targetHints":{"allow":["GET"]}}],"collection":[{"href":"https:\/\/ccse.uepa.br\/dfcs\/jeds\/wp-json\/wp\/v2\/pages"}],"about":[{"href":"https:\/\/ccse.uepa.br\/dfcs\/jeds\/wp-json\/wp\/v2\/types\/page"}],"author":[{"embeddable":true,"href":"https:\/\/ccse.uepa.br\/dfcs\/jeds\/wp-json\/wp\/v2\/users\/1"}],"replies":[{"embeddable":true,"href":"https:\/\/ccse.uepa.br\/dfcs\/jeds\/wp-json\/wp\/v2\/comments?post=47"}],"version-history":[{"count":46,"href":"https:\/\/ccse.uepa.br\/dfcs\/jeds\/wp-json\/wp\/v2\/pages\/47\/revisions"}],"predecessor-version":[{"id":604,"href":"https:\/\/ccse.uepa.br\/dfcs\/jeds\/wp-json\/wp\/v2\/pages\/47\/revisions\/604"}],"wp:attachment":[{"href":"https:\/\/ccse.uepa.br\/dfcs\/jeds\/wp-json\/wp\/v2\/media?parent=47"}],"curies":[{"name":"wp","href":"https:\/\/api.w.org\/{rel}","templated":true}]}}