{"id":58,"date":"2025-03-24T16:09:40","date_gmt":"2025-03-24T19:09:40","guid":{"rendered":"https:\/\/ccse.uepa.br\/dfcs\/jeds\/?page_id=58"},"modified":"2025-11-19T21:28:41","modified_gmt":"2025-11-20T00:28:41","slug":"noticias","status":"publish","type":"page","link":"https:\/\/ccse.uepa.br\/dfcs\/jeds\/noticias\/","title":{"rendered":"Not\u00edcias"},"content":{"rendered":"\n<h2 class=\"wp-block-heading has-medium-font-size\">Reuni\u00f5es restantes em 2025<\/h2>\n\n\n\n<h2 class=\"wp-block-heading has-medium-font-size\"><\/h2>\n\n\n\n<h5 class=\"wp-block-heading\">26\/11:<\/h5>\n\n\n\n<p>Mesa Redonda de Pesquisas em G\u00eanero e Sexualidade<\/p>\n\n\n\n<h5 class=\"wp-block-heading\">10\/12:<\/h5>\n\n\n\n<p>Reuni\u00e3o de Encerramento<\/p>\n\n\n\n<h2 class=\"wp-block-heading\">Reposit\u00f3rio de produ\u00e7\u00f5es do JEDS<\/h2>\n\n\n\n<p>Acesse o formul\u00e1rio <a href=\"https:\/\/docs.google.com\/forms\/d\/e\/1FAIpQLSfGAyWq7qjKF-bNV7leb5jCAPAfhQXm3J2y_8w39VbGmRUDPQ\/viewform\">aqui!<\/a><\/p>\n","protected":false},"excerpt":{"rendered":"<p>Reuni\u00f5es restantes em 2025 26\/11: Mesa Redonda de Pesquisas em G\u00eanero e Sexualidade 10\/12: Reuni\u00e3o de Encerramento Reposit\u00f3rio de produ\u00e7\u00f5es do JEDS Acesse o formul\u00e1rio aqui!<\/p>\n","protected":false},"author":1,"featured_media":0,"parent":0,"menu_order":0,"comment_status":"closed","ping_status":"closed","template":"","meta":{"_uag_custom_page_level_css":"","site-sidebar-layout":"default","site-content-layout":"","ast-site-content-layout":"","site-content-style":"default","site-sidebar-style":"default","ast-global-header-display":"","ast-banner-title-visibility":"","ast-main-header-display":"","ast-hfb-above-header-display":"","ast-hfb-below-header-display":"","ast-hfb-mobile-header-display":"","site-post-title":"","ast-breadcrumbs-content":"","ast-featured-img":"","footer-sml-layout":"","theme-transparent-header-meta":"","adv-header-id-meta":"","stick-header-meta":"","header-above-stick-meta":"","header-main-stick-meta":"","header-below-stick-meta":"","astra-migrate-meta-layouts":"","ast-page-background-enabled":"default","ast-page-background-meta":{"desktop":{"background-color":"var(--ast-global-color-4)","background-image":"","background-repeat":"repeat","background-position":"center center","background-size":"auto","background-attachment":"scroll","background-type":"","background-media":"","overlay-type":"","overlay-color":"","overlay-gradient":""},"tablet":{"background-color":"","background-image":"","background-repeat":"repeat","background-position":"center center","background-size":"auto","background-attachment":"scroll","background-type":"","background-media":"","overlay-type":"","overlay-color":"","overlay-gradient":""},"mobile":{"background-color":"","background-image":"","background-repeat":"repeat","background-position":"center center","background-size":"auto","background-attachment":"scroll","background-type":"","background-media":"","overlay-type":"","overlay-color":"","overlay-gradient":""}},"ast-content-background-meta":{"desktop":{"background-color":"var(--ast-global-color-5)","background-image":"","background-repeat":"repeat","background-position":"center center","background-size":"auto","background-attachment":"scroll","background-type":"","background-media":"","overlay-type":"","overlay-color":"","overlay-gradient":""},"tablet":{"background-color":"var(--ast-global-color-5)","background-image":"","background-repeat":"repeat","background-position":"center center","background-size":"auto","background-attachment":"scroll","background-type":"","background-media":"","overlay-type":"","overlay-color":"","overlay-gradient":""},"mobile":{"background-color":"var(--ast-global-color-5)","background-image":"","background-repeat":"repeat","background-position":"center center","background-size":"auto","background-attachment":"scroll","background-type":"","background-media":"","overlay-type":"","overlay-color":"","overlay-gradient":""}},"footnotes":""},"class_list":["post-58","page","type-page","status-publish","hentry"],"uagb_featured_image_src":{"full":false,"thumbnail":false,"medium":false,"medium_large":false,"large":false,"1536x1536":false,"2048x2048":false},"uagb_author_info":{"display_name":"adminsites@uepa.br","author_link":"https:\/\/ccse.uepa.br\/dfcs\/jeds\/author\/adminsitesuepa-br\/"},"uagb_comment_info":0,"uagb_excerpt":"Reuni\u00f5es restantes em 2025 26\/11: Mesa Redonda de Pesquisas em G\u00eanero e Sexualidade 10\/12: Reuni\u00e3o de Encerramento Reposit\u00f3rio de produ\u00e7\u00f5es do JEDS Acesse o formul\u00e1rio aqui!","_links":{"self":[{"href":"https:\/\/ccse.uepa.br\/dfcs\/jeds\/wp-json\/wp\/v2\/pages\/58","targetHints":{"allow":["GET"]}}],"collection":[{"href":"https:\/\/ccse.uepa.br\/dfcs\/jeds\/wp-json\/wp\/v2\/pages"}],"about":[{"href":"https:\/\/ccse.uepa.br\/dfcs\/jeds\/wp-json\/wp\/v2\/types\/page"}],"author":[{"embeddable":true,"href":"https:\/\/ccse.uepa.br\/dfcs\/jeds\/wp-json\/wp\/v2\/users\/1"}],"replies":[{"embeddable":true,"href":"https:\/\/ccse.uepa.br\/dfcs\/jeds\/wp-json\/wp\/v2\/comments?post=58"}],"version-history":[{"count":4,"href":"https:\/\/ccse.uepa.br\/dfcs\/jeds\/wp-json\/wp\/v2\/pages\/58\/revisions"}],"predecessor-version":[{"id":696,"href":"https:\/\/ccse.uepa.br\/dfcs\/jeds\/wp-json\/wp\/v2\/pages\/58\/revisions\/696"}],"wp:attachment":[{"href":"https:\/\/ccse.uepa.br\/dfcs\/jeds\/wp-json\/wp\/v2\/media?parent=58"}],"curies":[{"name":"wp","href":"https:\/\/api.w.org\/{rel}","templated":true}]}}